{"id":19001,"date":"2019-03-18T11:38:47","date_gmt":"2019-03-18T11:38:47","guid":{"rendered":"https:\/\/kuldkroon.ee\/?post_type=product&#038;p=19001"},"modified":"2019-10-01T08:47:28","modified_gmt":"2019-10-01T08:47:28","slug":"luxenter-leylandi-korvarongad-2","status":"publish","type":"product","link":"https:\/\/kuldkroon.ee\/en\/toode\/luxenter-leylandi-korvarongad-2\/","title":{"rendered":"Luxenter Leylandi k\u00f5rvar\u00f5ngad"},"content":{"rendered":"","protected":false},"excerpt":{"rendered":"<p>Luxenter k\u00f5rvar\u00f5ngad<\/p>\n<p>Teras, kullatud<\/p>\n<p>Pruun kvarts, lakitud<\/p>\n<p>3&#215;2,2 cm<\/p>\n<p>Kvarts 1,5x1cm<\/p>\n<p>Kinkekarp<\/p>\n","protected":false},"featured_media":19002,"comment_status":"open","ping_status":"closed","template":"","meta":{"_acf_changed":false},"product_brand":[],"product_cat":[1113,1227,1114],"product_tag":[],"class_list":{"0":"post-19001","1":"product","2":"type-product","3":"status-publish","4":"has-post-thumbnail","6":"product_cat-luxenter-hobeehted","7":"product_cat-terasest-ehted","8":"product_cat-outlet","10":"first","11":"instock","12":"sale","13":"taxable","14":"shipping-taxable","15":"purchasable","16":"product-type-simple"},"acf":[],"_links":{"self":[{"href":"https:\/\/kuldkroon.ee\/en\/wp-json\/wp\/v2\/product\/19001","targetHints":{"allow":["GET"]}}],"collection":[{"href":"https:\/\/kuldkroon.ee\/en\/wp-json\/wp\/v2\/product"}],"about":[{"href":"https:\/\/kuldkroon.ee\/en\/wp-json\/wp\/v2\/types\/product"}],"replies":[{"embeddable":true,"href":"https:\/\/kuldkroon.ee\/en\/wp-json\/wp\/v2\/comments?post=19001"}],"wp:featuredmedia":[{"embeddable":true,"href":"https:\/\/kuldkroon.ee\/en\/wp-json\/wp\/v2\/media\/19002"}],"wp:attachment":[{"href":"https:\/\/kuldkroon.ee\/en\/wp-json\/wp\/v2\/media?parent=19001"}],"wp:term":[{"taxonomy":"product_brand","embeddable":true,"href":"https:\/\/kuldkroon.ee\/en\/wp-json\/wp\/v2\/product_brand?post=19001"},{"taxonomy":"product_cat","embeddable":true,"href":"https:\/\/kuldkroon.ee\/en\/wp-json\/wp\/v2\/product_cat?post=19001"},{"taxonomy":"product_tag","embeddable":true,"href":"https:\/\/kuldkroon.ee\/en\/wp-json\/wp\/v2\/product_tag?post=19001"}],"curies":[{"name":"wp","href":"https:\/\/api.w.org\/{rel}","templated":true}]}}