{"id":18385,"date":"2019-03-01T12:50:05","date_gmt":"2019-03-01T12:50:05","guid":{"rendered":"https:\/\/kuldkroon.ee\/?post_type=product&#038;p=18385"},"modified":"2019-03-01T12:50:05","modified_gmt":"2019-03-01T12:50:05","slug":"kieninger-24","status":"publish","type":"product","link":"https:\/\/kuldkroon.ee\/en\/toode\/kieninger-24\/","title":{"rendered":"Kieninger"},"content":{"rendered":"<p><strong>Kieninger<\/strong>\u00a0\u2013 Schwarzwaldis, Saksamaal 1912 a. avatud kellatehas t\u00f6\u00f6tab katkematult t\u00e4nini. Seega on ta maailma vanim mehhaniliste kapp- seina ja lauakellade tootja. Asutamisest peale on Kieninger j\u00e4\u00e4nud truuks oma traditsioonilisele kontseptsioonile \u2013 tehniliselt k\u00f5rgetasemeliste ja kvaliteetsete kellamehhanismide ja kellade valmistamisele. See on ka \u00f5nnestunud sest paljud Kieningeri mudelid on saanud maiilma kellat\u00f6\u00f6stuse klassikaks.<\/p>\n<p>Kas b\u00fcroosse, kabinetti v\u00f5i kontori halli, kas kodu-esikusse, elutuppa v\u00f5i kaminaruumi, Kieningeri kell oleks kindlasti ruumi ehteks sest nendes on \u00fchldunud maailma tipp-kellameistrite ja v\u00e4\u00e4rispuidu k\u00e4sit\u00f6\u00f6 oskustega meistrite pingutused. Kieningeri tooevalikus on enam kui 50 erinevat kellamehhanismi kaliibrit, mis sobituvad just kindlale vajadusele vastavasse kellakorpusesse v\u00f5i v\u00e4\u00e4risvineerist kellakappi. Hoolikalt valitud lisandite juurde kuuluvad n\u00e4iteks emailitud numbrilauad, bevelleeritud klaasid, kullatud dekoratsioonid ning k\u00e4sitsi viimistletud pendlid ja kellapommid. Kieningeri kellad kestavad \u00fcle p\u00f5lvede. Ega muidu ei h\u00fc\u00fctaks neid vahel ka \u201cVanaisa kellakappideks\u201d (Grandfather Clocks).<\/p>\n<p>Pakume Kieninger kellasid tellimisel ning tagame kellade hoolduse ja remondi. Vaata kogu kollektsiooni www.kieninger.com v\u00f5i k\u00fcsi lisainfot info@kuldkroon.ee<\/p>\n","protected":false},"excerpt":{"rendered":"<p>Kappkell\u00a0 211&#215;64,5 x 37 cm<\/p>\n<ul>\n<li>v\u00e4ga esinduslik p\u00e4hklipuust kellakapp<\/li>\n<li>p\u00e4hklipuu juure struktuur<\/li>\n<li>dekoratiivsed messingist sammaste otsikud<\/li>\n<li>bevelleeritud kristallklaasid<\/li>\n<li>eksklusiivne kuufaasi n\u00e4it ja kalender (v\u00f5imalik ka ilma)<\/li>\n<li>l\u00fc\u00fcrakujuline pendel<\/li>\n<li>3 erinevat meloodiat<\/li>\n<li>automaatne \u00f6ine vaikus<\/li>\n<li>lukustatavad uksed<\/li>\n<\/ul>\n<p>Hind\u00a0 15 490,00 EUR<\/p>\n<ul>\n<li><\/li>\n<\/ul>\n<p>&nbsp;<\/p>\n","protected":false},"featured_media":18386,"comment_status":"open","ping_status":"closed","template":"","meta":{"_acf_changed":false},"product_brand":[],"product_cat":[1225],"product_tag":[],"class_list":{"0":"post-18385","1":"product","2":"type-product","3":"status-publish","4":"has-post-thumbnail","6":"product_cat-kieninger-seina-ja-kappkellad","8":"first","9":"onbackorder","10":"taxable","11":"shipping-taxable","12":"product-type-simple"},"acf":[],"_links":{"self":[{"href":"https:\/\/kuldkroon.ee\/en\/wp-json\/wp\/v2\/product\/18385","targetHints":{"allow":["GET"]}}],"collection":[{"href":"https:\/\/kuldkroon.ee\/en\/wp-json\/wp\/v2\/product"}],"about":[{"href":"https:\/\/kuldkroon.ee\/en\/wp-json\/wp\/v2\/types\/product"}],"replies":[{"embeddable":true,"href":"https:\/\/kuldkroon.ee\/en\/wp-json\/wp\/v2\/comments?post=18385"}],"wp:featuredmedia":[{"embeddable":true,"href":"https:\/\/kuldkroon.ee\/en\/wp-json\/wp\/v2\/media\/18386"}],"wp:attachment":[{"href":"https:\/\/kuldkroon.ee\/en\/wp-json\/wp\/v2\/media?parent=18385"}],"wp:term":[{"taxonomy":"product_brand","embeddable":true,"href":"https:\/\/kuldkroon.ee\/en\/wp-json\/wp\/v2\/product_brand?post=18385"},{"taxonomy":"product_cat","embeddable":true,"href":"https:\/\/kuldkroon.ee\/en\/wp-json\/wp\/v2\/product_cat?post=18385"},{"taxonomy":"product_tag","embeddable":true,"href":"https:\/\/kuldkroon.ee\/en\/wp-json\/wp\/v2\/product_tag?post=18385"}],"curies":[{"name":"wp","href":"https:\/\/api.w.org\/{rel}","templated":true}]}}