{"id":18194,"date":"2019-01-23T08:57:45","date_gmt":"2019-01-23T08:57:45","guid":{"rendered":"https:\/\/kuldkroon.ee\/?post_type=product&#038;p=18194"},"modified":"2019-11-04T14:41:33","modified_gmt":"2019-11-04T14:41:33","slug":"jacques-du-manoir-meeste-kaekell-6","status":"publish","type":"product","link":"https:\/\/kuldkroon.ee\/en\/toode\/jacques-du-manoir-meeste-kaekell-6\/","title":{"rendered":"Jacques du Manoir meeste k\u00e4ekell"},"content":{"rendered":"","protected":false},"excerpt":{"rendered":"<p>Jacques du Manoir meeste k\u00e4ekell<\/p>\n<p>\u0160veitsi quartz mehhanism<\/p>\n<p>Teras korpus<\/p>\n<p>Mineraal klaas<\/p>\n<p>30M<\/p>\n<p>L\u00e4bim\u00f5\u00f5t 40mm<\/p>\n<p>Kuup\u00e4eva n\u00e4it<\/p>\n<p>Must nahast rihm<\/p>\n<p>2 aastat garantiid<\/p>\n","protected":false},"featured_media":18203,"comment_status":"open","ping_status":"closed","template":"","meta":{"_acf_changed":false},"product_brand":[],"product_cat":[1116,1127],"product_tag":[],"class_list":{"0":"post-18194","1":"product","2":"type-product","3":"status-publish","4":"has-post-thumbnail","6":"product_cat-kellad","7":"product_cat-jacques-du-manoir","9":"first","10":"instock","11":"taxable","12":"shipping-taxable","13":"purchasable","14":"product-type-simple"},"acf":[],"_links":{"self":[{"href":"https:\/\/kuldkroon.ee\/en\/wp-json\/wp\/v2\/product\/18194","targetHints":{"allow":["GET"]}}],"collection":[{"href":"https:\/\/kuldkroon.ee\/en\/wp-json\/wp\/v2\/product"}],"about":[{"href":"https:\/\/kuldkroon.ee\/en\/wp-json\/wp\/v2\/types\/product"}],"replies":[{"embeddable":true,"href":"https:\/\/kuldkroon.ee\/en\/wp-json\/wp\/v2\/comments?post=18194"}],"wp:featuredmedia":[{"embeddable":true,"href":"https:\/\/kuldkroon.ee\/en\/wp-json\/wp\/v2\/media\/18203"}],"wp:attachment":[{"href":"https:\/\/kuldkroon.ee\/en\/wp-json\/wp\/v2\/media?parent=18194"}],"wp:term":[{"taxonomy":"product_brand","embeddable":true,"href":"https:\/\/kuldkroon.ee\/en\/wp-json\/wp\/v2\/product_brand?post=18194"},{"taxonomy":"product_cat","embeddable":true,"href":"https:\/\/kuldkroon.ee\/en\/wp-json\/wp\/v2\/product_cat?post=18194"},{"taxonomy":"product_tag","embeddable":true,"href":"https:\/\/kuldkroon.ee\/en\/wp-json\/wp\/v2\/product_tag?post=18194"}],"curies":[{"name":"wp","href":"https:\/\/api.w.org\/{rel}","templated":true}]}}