{"id":18175,"date":"2018-12-27T13:07:36","date_gmt":"2018-12-27T13:07:36","guid":{"rendered":"https:\/\/kuldkroon.ee\/?post_type=product&#038;p=18175"},"modified":"2018-12-27T13:07:36","modified_gmt":"2018-12-27T13:07:36","slug":"jacques-du-manoir-naiste-kaekell-6","status":"publish","type":"product","link":"https:\/\/kuldkroon.ee\/en\/toode\/jacques-du-manoir-naiste-kaekell-6\/","title":{"rendered":"Jacques du Manoir naiste k\u00e4ekell"},"content":{"rendered":"","protected":false},"excerpt":{"rendered":"<p>\u0160veitsi quartz mehhanism<\/p>\n<p>L\u00e4bim\u00f5\u00f5t 33mm<\/p>\n<p>Mineraal klaas<\/p>\n<p>Teras korpus<\/p>\n<p>Veepidavus 50 meetrit<\/p>\n<p>2 aastat garantii<\/p>\n","protected":false},"featured_media":18176,"comment_status":"open","ping_status":"closed","template":"","meta":{"_acf_changed":false},"product_brand":[],"product_cat":[1127],"product_tag":[],"class_list":{"0":"post-18175","1":"product","2":"type-product","3":"status-publish","4":"has-post-thumbnail","6":"product_cat-jacques-du-manoir","8":"first","9":"instock","10":"sale","11":"taxable","12":"shipping-taxable","13":"purchasable","14":"product-type-simple"},"acf":[],"_links":{"self":[{"href":"https:\/\/kuldkroon.ee\/en\/wp-json\/wp\/v2\/product\/18175","targetHints":{"allow":["GET"]}}],"collection":[{"href":"https:\/\/kuldkroon.ee\/en\/wp-json\/wp\/v2\/product"}],"about":[{"href":"https:\/\/kuldkroon.ee\/en\/wp-json\/wp\/v2\/types\/product"}],"replies":[{"embeddable":true,"href":"https:\/\/kuldkroon.ee\/en\/wp-json\/wp\/v2\/comments?post=18175"}],"wp:featuredmedia":[{"embeddable":true,"href":"https:\/\/kuldkroon.ee\/en\/wp-json\/wp\/v2\/media\/18176"}],"wp:attachment":[{"href":"https:\/\/kuldkroon.ee\/en\/wp-json\/wp\/v2\/media?parent=18175"}],"wp:term":[{"taxonomy":"product_brand","embeddable":true,"href":"https:\/\/kuldkroon.ee\/en\/wp-json\/wp\/v2\/product_brand?post=18175"},{"taxonomy":"product_cat","embeddable":true,"href":"https:\/\/kuldkroon.ee\/en\/wp-json\/wp\/v2\/product_cat?post=18175"},{"taxonomy":"product_tag","embeddable":true,"href":"https:\/\/kuldkroon.ee\/en\/wp-json\/wp\/v2\/product_tag?post=18175"}],"curies":[{"name":"wp","href":"https:\/\/api.w.org\/{rel}","templated":true}]}}