{"id":18125,"date":"2018-12-13T09:28:36","date_gmt":"2018-12-13T09:28:36","guid":{"rendered":"https:\/\/kuldkroon.ee\/?post_type=product&#038;p=18125"},"modified":"2018-12-13T09:28:36","modified_gmt":"2018-12-13T09:28:36","slug":"hobedast-korvarongad-4","status":"publish","type":"product","link":"https:\/\/kuldkroon.ee\/en\/toode\/hobedast-korvarongad-4\/","title":{"rendered":"H\u00f5bedast k\u00f5rvar\u00f5ngad"},"content":{"rendered":"","protected":false},"excerpt":{"rendered":"<p>Rippuvad k\u00f5rvar\u00f5ngad<\/p>\n<p>H\u00f5be 925<\/p>\n<p>Roheline ja roosa email<\/p>\n<p>K\u00f5rvar\u00f5ngaste pikkus 4,5cm<\/p>\n<p>L\u00e4bim\u00f5\u00f5t 3cm<\/p>\n<p>Kinkekarp<\/p>\n","protected":false},"featured_media":18126,"comment_status":"open","ping_status":"closed","template":"","meta":{"_acf_changed":false},"product_brand":[],"product_cat":[1113,1131,1114],"product_tag":[],"class_list":{"0":"post-18125","1":"product","2":"type-product","3":"status-publish","4":"has-post-thumbnail","6":"product_cat-luxenter-hobeehted","7":"product_cat-hobedast-korvarongad-juveeli-ja-ehted","8":"product_cat-outlet","10":"first","11":"instock","12":"sale","13":"taxable","14":"shipping-taxable","15":"purchasable","16":"product-type-simple"},"acf":[],"_links":{"self":[{"href":"https:\/\/kuldkroon.ee\/en\/wp-json\/wp\/v2\/product\/18125","targetHints":{"allow":["GET"]}}],"collection":[{"href":"https:\/\/kuldkroon.ee\/en\/wp-json\/wp\/v2\/product"}],"about":[{"href":"https:\/\/kuldkroon.ee\/en\/wp-json\/wp\/v2\/types\/product"}],"replies":[{"embeddable":true,"href":"https:\/\/kuldkroon.ee\/en\/wp-json\/wp\/v2\/comments?post=18125"}],"wp:featuredmedia":[{"embeddable":true,"href":"https:\/\/kuldkroon.ee\/en\/wp-json\/wp\/v2\/media\/18126"}],"wp:attachment":[{"href":"https:\/\/kuldkroon.ee\/en\/wp-json\/wp\/v2\/media?parent=18125"}],"wp:term":[{"taxonomy":"product_brand","embeddable":true,"href":"https:\/\/kuldkroon.ee\/en\/wp-json\/wp\/v2\/product_brand?post=18125"},{"taxonomy":"product_cat","embeddable":true,"href":"https:\/\/kuldkroon.ee\/en\/wp-json\/wp\/v2\/product_cat?post=18125"},{"taxonomy":"product_tag","embeddable":true,"href":"https:\/\/kuldkroon.ee\/en\/wp-json\/wp\/v2\/product_tag?post=18125"}],"curies":[{"name":"wp","href":"https:\/\/api.w.org\/{rel}","templated":true}]}}