{"id":18104,"date":"2018-12-12T13:21:17","date_gmt":"2018-12-12T13:21:17","guid":{"rendered":"https:\/\/kuldkroon.ee\/?post_type=product&#038;p=18104"},"modified":"2019-05-15T11:12:07","modified_gmt":"2019-05-15T11:12:07","slug":"candino-naiste-kaekell-4","status":"publish","type":"product","link":"https:\/\/kuldkroon.ee\/en\/toode\/candino-naiste-kaekell-4\/","title":{"rendered":"Candino naiste k\u00e4ekell"},"content":{"rendered":"","protected":false},"excerpt":{"rendered":"<p>Quartz, Swiss made<\/p>\n<p>Safiirklaas<\/p>\n<p>Tsirkoonid<\/p>\n<p>L\u00e4bim\u00f5\u00f5t 35mm<\/p>\n<p>Nahast rihm, terasest korpus<\/p>\n<p>Veepidavus 50m (5ATM)<\/p>\n<p>Kinkekarp<\/p>\n","protected":false},"featured_media":18105,"comment_status":"open","ping_status":"closed","template":"","meta":{"_acf_changed":false},"product_brand":[],"product_cat":[1116,1125],"product_tag":[],"class_list":{"0":"post-18104","1":"product","2":"type-product","3":"status-publish","4":"has-post-thumbnail","6":"product_cat-kellad","7":"product_cat-candino","9":"first","10":"instock","11":"taxable","12":"shipping-taxable","13":"purchasable","14":"product-type-simple"},"acf":[],"_links":{"self":[{"href":"https:\/\/kuldkroon.ee\/en\/wp-json\/wp\/v2\/product\/18104","targetHints":{"allow":["GET"]}}],"collection":[{"href":"https:\/\/kuldkroon.ee\/en\/wp-json\/wp\/v2\/product"}],"about":[{"href":"https:\/\/kuldkroon.ee\/en\/wp-json\/wp\/v2\/types\/product"}],"replies":[{"embeddable":true,"href":"https:\/\/kuldkroon.ee\/en\/wp-json\/wp\/v2\/comments?post=18104"}],"wp:featuredmedia":[{"embeddable":true,"href":"https:\/\/kuldkroon.ee\/en\/wp-json\/wp\/v2\/media\/18105"}],"wp:attachment":[{"href":"https:\/\/kuldkroon.ee\/en\/wp-json\/wp\/v2\/media?parent=18104"}],"wp:term":[{"taxonomy":"product_brand","embeddable":true,"href":"https:\/\/kuldkroon.ee\/en\/wp-json\/wp\/v2\/product_brand?post=18104"},{"taxonomy":"product_cat","embeddable":true,"href":"https:\/\/kuldkroon.ee\/en\/wp-json\/wp\/v2\/product_cat?post=18104"},{"taxonomy":"product_tag","embeddable":true,"href":"https:\/\/kuldkroon.ee\/en\/wp-json\/wp\/v2\/product_tag?post=18104"}],"curies":[{"name":"wp","href":"https:\/\/api.w.org\/{rel}","templated":true}]}}