{"id":17980,"date":"2018-11-30T12:23:16","date_gmt":"2018-11-30T12:23:16","guid":{"rendered":"https:\/\/kuldkroon.ee\/?post_type=product&#038;p=17980"},"modified":"2024-10-09T12:22:38","modified_gmt":"2024-10-09T12:22:38","slug":"luxenter-ehtekomplekt-12","status":"publish","type":"product","link":"https:\/\/kuldkroon.ee\/en\/toode\/luxenter-ehtekomplekt-12\/","title":{"rendered":"Luxenter ehtekomplekt"},"content":{"rendered":"<p class=\"qtranxs-available-languages-message qtranxs-available-languages-message-en\">Sorry, this entry is only available in <a href=\"https:\/\/kuldkroon.ee\/et\/wp-json\/wp\/v2\/product\/17980\" class=\"qtranxs-available-language-link qtranxs-available-language-link-et\" title=\"Eesti\">Eesti<\/a>.<\/p>","protected":false},"excerpt":{"rendered":"<p>Luxenter ehtekomplekt<\/p>\n<p>H\u00f5be 925<\/p>\n<p>Tsirkooniad<\/p>\n<p>Keti pikkus 40-42cm<\/p>\n<p>Ripatsi m\u00f5\u00f5tmed: 1,1&#215;1,2cm<\/p>\n<p>K\u00f5rvar\u00f5nga m\u00f5\u00f5dud:0,8&#215;1,0cm<\/p>\n<p>Kinkekarp<\/p>\n","protected":false},"featured_media":17981,"comment_status":"open","ping_status":"closed","template":"","meta":{"_acf_changed":false},"product_brand":[],"product_cat":[1113,1130,1120],"product_tag":[],"class_list":{"0":"post-17980","1":"product","2":"type-product","3":"status-publish","4":"has-post-thumbnail","6":"product_cat-luxenter-hobeehted","7":"product_cat-hobedast-ehtekomplektid-juveeli-ja-ehted","8":"product_cat-luxenter","10":"first","11":"instock","12":"sale","13":"taxable","14":"shipping-taxable","15":"purchasable","16":"product-type-simple"},"acf":[],"_links":{"self":[{"href":"https:\/\/kuldkroon.ee\/en\/wp-json\/wp\/v2\/product\/17980","targetHints":{"allow":["GET"]}}],"collection":[{"href":"https:\/\/kuldkroon.ee\/en\/wp-json\/wp\/v2\/product"}],"about":[{"href":"https:\/\/kuldkroon.ee\/en\/wp-json\/wp\/v2\/types\/product"}],"replies":[{"embeddable":true,"href":"https:\/\/kuldkroon.ee\/en\/wp-json\/wp\/v2\/comments?post=17980"}],"wp:featuredmedia":[{"embeddable":true,"href":"https:\/\/kuldkroon.ee\/en\/wp-json\/wp\/v2\/media\/17981"}],"wp:attachment":[{"href":"https:\/\/kuldkroon.ee\/en\/wp-json\/wp\/v2\/media?parent=17980"}],"wp:term":[{"taxonomy":"product_brand","embeddable":true,"href":"https:\/\/kuldkroon.ee\/en\/wp-json\/wp\/v2\/product_brand?post=17980"},{"taxonomy":"product_cat","embeddable":true,"href":"https:\/\/kuldkroon.ee\/en\/wp-json\/wp\/v2\/product_cat?post=17980"},{"taxonomy":"product_tag","embeddable":true,"href":"https:\/\/kuldkroon.ee\/en\/wp-json\/wp\/v2\/product_tag?post=17980"}],"curies":[{"name":"wp","href":"https:\/\/api.w.org\/{rel}","templated":true}]}}