{"id":17937,"date":"2018-11-20T17:00:43","date_gmt":"2018-11-20T17:00:43","guid":{"rendered":"https:\/\/kuldkroon.ee\/?post_type=product&#038;p=17937"},"modified":"2025-01-13T11:19:40","modified_gmt":"2025-01-13T11:19:40","slug":"ajatu-klassika-35","status":"publish","type":"product","link":"https:\/\/kuldkroon.ee\/en\/toode\/ajatu-klassika-35\/","title":{"rendered":"Timeless Design"},"content":{"rendered":"<p>HAPPY LOVE COLLECTION s\u00f5rmused valmivad Saksamaal, ajaloolises juveliiride linnakeses, Pforzheimis. K\u00f5rge kvaliteet on siin kohtunud s\u00f5bralike hindadega. K\u00f5iki mudeleid saab tellida kullaprooviga 375\/-\u00a0 585\/-\u00a0 750\/- v\u00f5i palladiumist prooviga 500\/- ja 950\/- ning plaatinast prooviga 600\/- v\u00f5i 950\/-<\/p>","protected":false},"excerpt":{"rendered":"<p>Happy Love wedding rings<\/p>\n<p>1 round brilliant 0.02 ct Top Wesselton \/ Si<\/p>\n<p>Material: yellow, rose or red gold. Platinum or palladium.<br \/>\nGold in 10Kt, 14Kt, or 18Kt<\/p>\n<p>Width 4.5 mm<\/p>\n<p><strong>Ask for a quote for the desired precious metal color, proof, ring widths and sizes<\/strong><\/p>\n<p>Free engravins and the gift box<br \/>\nDelivery time approx 2 weeks<\/p>\n","protected":false},"featured_media":17938,"comment_status":"open","ping_status":"closed","template":"","meta":{"_acf_changed":false},"product_brand":[],"product_cat":[1155,1222],"product_tag":[],"class_list":{"0":"post-17937","1":"product","2":"type-product","3":"status-publish","4":"has-post-thumbnail","6":"product_cat-abielusormused","7":"product_cat-soodsad-abielusormused","9":"first","10":"instock","11":"featured","12":"taxable","13":"shipping-taxable","14":"product-type-simple"},"acf":[],"_links":{"self":[{"href":"https:\/\/kuldkroon.ee\/en\/wp-json\/wp\/v2\/product\/17937","targetHints":{"allow":["GET"]}}],"collection":[{"href":"https:\/\/kuldkroon.ee\/en\/wp-json\/wp\/v2\/product"}],"about":[{"href":"https:\/\/kuldkroon.ee\/en\/wp-json\/wp\/v2\/types\/product"}],"replies":[{"embeddable":true,"href":"https:\/\/kuldkroon.ee\/en\/wp-json\/wp\/v2\/comments?post=17937"}],"wp:featuredmedia":[{"embeddable":true,"href":"https:\/\/kuldkroon.ee\/en\/wp-json\/wp\/v2\/media\/17938"}],"wp:attachment":[{"href":"https:\/\/kuldkroon.ee\/en\/wp-json\/wp\/v2\/media?parent=17937"}],"wp:term":[{"taxonomy":"product_brand","embeddable":true,"href":"https:\/\/kuldkroon.ee\/en\/wp-json\/wp\/v2\/product_brand?post=17937"},{"taxonomy":"product_cat","embeddable":true,"href":"https:\/\/kuldkroon.ee\/en\/wp-json\/wp\/v2\/product_cat?post=17937"},{"taxonomy":"product_tag","embeddable":true,"href":"https:\/\/kuldkroon.ee\/en\/wp-json\/wp\/v2\/product_tag?post=17937"}],"curies":[{"name":"wp","href":"https:\/\/api.w.org\/{rel}","templated":true}]}}