{"id":17902,"date":"2018-11-20T15:36:48","date_gmt":"2018-11-20T15:36:48","guid":{"rendered":"https:\/\/kuldkroon.ee\/?post_type=product&#038;p=17902"},"modified":"2025-01-13T13:15:57","modified_gmt":"2025-01-13T13:15:57","slug":"ajatu-klassika-19","status":"publish","type":"product","link":"https:\/\/kuldkroon.ee\/en\/toode\/ajatu-klassika-19\/","title":{"rendered":"Ajatu disain"},"content":{"rendered":"<p><strong>HAPPY LOVE COLLECTION<\/strong> s\u00f5rmused valmivad Saksamaal, ajaloolises juveliiride linnakeses, Pforzheimis. K\u00f5rge kvaliteet on siin kohtunud s\u00f5bralike hindadega. K\u00f5iki mudeleid saab tellida kullaprooviga 375\/-\u00a0 585\/-\u00a0 750\/- v\u00f5i palladiumist prooviga 500\/- ja 950\/- ning plaatinast prooviga 600\/- v\u00f5i 950\/-<\/p>\n","protected":false},"excerpt":{"rendered":"<div class=\"single-product-infos\">\n<div class=\"product_infos\">\n<div class=\"woocommerce-product-details__short-description\">\n<p><strong>Happy Love wedding rings<\/strong><\/p>\n<p>3 brilliant cut diamond 0.02 ct Top Wesselton \/ Si<\/p>\n<p>Available materials: rose, yellow and white gold of 375\/- 585\/- or 750\/- and palladium and platinum<\/p>\n<p>The width of the rings is 4.5 mm, the thickness is 1.2 mm<\/p>\n<p><strong>Ask for a quote for the desired precious metal color, proof, ring widths and sizes<\/strong>!<\/p>\n<p>Free engraving and gift box<\/p>\n<\/div>\n<div id=\"enquiry\"><input class=\"contact wpi-button single_add_to_cart_button button alt\" name=\"contact\" type=\"button\" value=\"K\u00fcsi pakkumist toote kohta\" \/><\/div>\n<\/div>\n<\/div>\n<p>&nbsp;<\/p>\n<p>&nbsp;<\/p>\n","protected":false},"featured_media":17903,"comment_status":"open","ping_status":"closed","template":"","meta":{"_acf_changed":false},"product_brand":[],"product_cat":[1155,1222],"product_tag":[],"class_list":{"0":"post-17902","1":"product","2":"type-product","3":"status-publish","4":"has-post-thumbnail","6":"product_cat-abielusormused","7":"product_cat-soodsad-abielusormused","9":"first","10":"instock","11":"featured","12":"taxable","13":"shipping-taxable","14":"product-type-simple"},"acf":[],"_links":{"self":[{"href":"https:\/\/kuldkroon.ee\/en\/wp-json\/wp\/v2\/product\/17902","targetHints":{"allow":["GET"]}}],"collection":[{"href":"https:\/\/kuldkroon.ee\/en\/wp-json\/wp\/v2\/product"}],"about":[{"href":"https:\/\/kuldkroon.ee\/en\/wp-json\/wp\/v2\/types\/product"}],"replies":[{"embeddable":true,"href":"https:\/\/kuldkroon.ee\/en\/wp-json\/wp\/v2\/comments?post=17902"}],"wp:featuredmedia":[{"embeddable":true,"href":"https:\/\/kuldkroon.ee\/en\/wp-json\/wp\/v2\/media\/17903"}],"wp:attachment":[{"href":"https:\/\/kuldkroon.ee\/en\/wp-json\/wp\/v2\/media?parent=17902"}],"wp:term":[{"taxonomy":"product_brand","embeddable":true,"href":"https:\/\/kuldkroon.ee\/en\/wp-json\/wp\/v2\/product_brand?post=17902"},{"taxonomy":"product_cat","embeddable":true,"href":"https:\/\/kuldkroon.ee\/en\/wp-json\/wp\/v2\/product_cat?post=17902"},{"taxonomy":"product_tag","embeddable":true,"href":"https:\/\/kuldkroon.ee\/en\/wp-json\/wp\/v2\/product_tag?post=17902"}],"curies":[{"name":"wp","href":"https:\/\/api.w.org\/{rel}","templated":true}]}}