{"id":17888,"date":"2018-11-20T14:45:52","date_gmt":"2018-11-20T14:45:52","guid":{"rendered":"https:\/\/kuldkroon.ee\/?post_type=product&#038;p=17888"},"modified":"2025-01-13T14:17:43","modified_gmt":"2025-01-13T14:17:43","slug":"ajatu-klassika-12","status":"publish","type":"product","link":"https:\/\/kuldkroon.ee\/en\/toode\/ajatu-klassika-12\/","title":{"rendered":"Ajatu disain"},"content":{"rendered":"<p><strong>HAPPY LOVE COLLECTION<\/strong> s\u00f5rmused valmivad Saksamaal, ajaloolises juveliiride linnakeses, Pforzheimis. K\u00f5rge kvaliteet on siin kohtunud s\u00f5bralike hindadega. K\u00f5iki mudeleid saab tellida kullaprooviga 375\/-\u00a0 585\/-\u00a0 750\/- v\u00f5i palladiumist prooviga 500\/- ja 950\/- ning plaatinast prooviga 600\/- v\u00f5i 950\/-<\/p>\n","protected":false},"excerpt":{"rendered":"<div class=\"woocommerce-product-details__short-description\">\n<p><strong>Happy Love abielus\u00f5rmused<\/strong><\/p>\n<p>1 briljantlihvis teemantit 0,04 ct Top Wesselton \/ Si<\/p>\n<p>Saadavad materjalid: punane, roosakas, kollane ja valge kuld ning pallaadium ja plaatina<\/p>\n<p>S\u00f5rmuste laius 5,0 mm, paksus 1,7 mm<\/p>\n<p><strong>K\u00fcsi pakkumist soovitud v\u00e4\u00e4rismetalli v\u00e4rvile, proovile,<\/strong><strong><br \/>\ns\u00f5rmuste laiustele ja \u00a0suurustele!<\/strong><\/p>\n<p>Tasuta graveering ja kinkekarp<\/p>\n<p>Tarneaeg -14 p\u00e4eva<\/p>\n<\/div>\n<div id=\"enquiry\"><input class=\"contact wpi-button single_add_to_cart_button button alt\" name=\"contact\" type=\"button\" value=\"K\u00fcsi pakkumist toote kohta\" \/><\/div>\n","protected":false},"featured_media":17889,"comment_status":"open","ping_status":"closed","template":"","meta":{"_acf_changed":false},"product_brand":[],"product_cat":[1222],"product_tag":[],"class_list":{"0":"post-17888","1":"product","2":"type-product","3":"status-publish","4":"has-post-thumbnail","6":"product_cat-soodsad-abielusormused","8":"first","9":"instock","10":"taxable","11":"shipping-taxable","12":"product-type-simple"},"acf":[],"_links":{"self":[{"href":"https:\/\/kuldkroon.ee\/en\/wp-json\/wp\/v2\/product\/17888","targetHints":{"allow":["GET"]}}],"collection":[{"href":"https:\/\/kuldkroon.ee\/en\/wp-json\/wp\/v2\/product"}],"about":[{"href":"https:\/\/kuldkroon.ee\/en\/wp-json\/wp\/v2\/types\/product"}],"replies":[{"embeddable":true,"href":"https:\/\/kuldkroon.ee\/en\/wp-json\/wp\/v2\/comments?post=17888"}],"wp:featuredmedia":[{"embeddable":true,"href":"https:\/\/kuldkroon.ee\/en\/wp-json\/wp\/v2\/media\/17889"}],"wp:attachment":[{"href":"https:\/\/kuldkroon.ee\/en\/wp-json\/wp\/v2\/media?parent=17888"}],"wp:term":[{"taxonomy":"product_brand","embeddable":true,"href":"https:\/\/kuldkroon.ee\/en\/wp-json\/wp\/v2\/product_brand?post=17888"},{"taxonomy":"product_cat","embeddable":true,"href":"https:\/\/kuldkroon.ee\/en\/wp-json\/wp\/v2\/product_cat?post=17888"},{"taxonomy":"product_tag","embeddable":true,"href":"https:\/\/kuldkroon.ee\/en\/wp-json\/wp\/v2\/product_tag?post=17888"}],"curies":[{"name":"wp","href":"https:\/\/api.w.org\/{rel}","templated":true}]}}