{"id":17790,"date":"2018-11-08T16:57:08","date_gmt":"2018-11-08T16:57:08","guid":{"rendered":"https:\/\/kuldkroon.ee\/?post_type=product&#038;p=17790"},"modified":"2018-11-08T16:57:08","modified_gmt":"2018-11-08T16:57:08","slug":"lucienne-8","status":"publish","type":"product","link":"https:\/\/kuldkroon.ee\/en\/toode\/lucienne-8\/","title":{"rendered":"LUCIENNE"},"content":{"rendered":"<h3>FURRER JACOT -aastast 1858 Schaffhausenis, Sveitsis asuv juveelifirma on spetsialiseerunud r\u00e4tsepat\u00f6\u00f6na valmistatavatele kihla- ja abielus\u00f5rmustele. \u00dcleilmselt on tootja tuntud oma loovuse ja k\u00f5rgetasemelise eksklusiivsuse poolest.<\/h3>\n<p>&nbsp;<\/p>\n<p><strong>Eluaegne garantii<\/strong><\/p>\n<p>FurrerJacot tooteid kantakse \u00fcle p\u00f5lvkondade. Seet\u00f5ttu hindame Teie ostu elukestva partnerluse algusena. FurrerJacot ei anna Teile mitte ainult matrjali ja tootmisvigade kohustuslikku garantiid. FurrerJacot kodulehel ostu registreerunud saavad tootele eluaegse garantii. KULDKROON on FurrerJacot toodete autoriseeritud juveelisalong.<\/p>\n","protected":false},"excerpt":{"rendered":"<div class=\"woocommerce-product-details__short-description\">\n<p><strong>Furrer Jacot teemants\u00f5rmus<\/strong><\/p>\n<p>16 briljantlihvis teemantit kokku 0,032 karaati F-GVS<br \/>\n(keskmise teemanti suurusega 0,30 kuni 0,65 karaati)<\/p>\n<p>Saadavad materjalid: valge v\u00f5i kollane kuld prooviga 750\/- ja plaatina prooviga 950\/-<\/p>\n<p>S\u00f5rmuse hind:<\/p>\n<\/div>\n<div id=\"enquiry\"><input class=\"contact wpi-button single_add_to_cart_button button alt\" name=\"contact\" type=\"button\" value=\"K\u00fcsi pakkumist toote kohta\" \/><\/div>\n","protected":false},"featured_media":17791,"comment_status":"open","ping_status":"closed","template":"","meta":{"_acf_changed":false},"product_brand":[],"product_cat":[1221],"product_tag":[],"class_list":{"0":"post-17790","1":"product","2":"type-product","3":"status-publish","4":"has-post-thumbnail","6":"product_cat-furrer-jacot-kihlasormused","8":"first","9":"instock","10":"taxable","11":"shipping-taxable","12":"product-type-simple"},"acf":[],"_links":{"self":[{"href":"https:\/\/kuldkroon.ee\/en\/wp-json\/wp\/v2\/product\/17790","targetHints":{"allow":["GET"]}}],"collection":[{"href":"https:\/\/kuldkroon.ee\/en\/wp-json\/wp\/v2\/product"}],"about":[{"href":"https:\/\/kuldkroon.ee\/en\/wp-json\/wp\/v2\/types\/product"}],"replies":[{"embeddable":true,"href":"https:\/\/kuldkroon.ee\/en\/wp-json\/wp\/v2\/comments?post=17790"}],"wp:featuredmedia":[{"embeddable":true,"href":"https:\/\/kuldkroon.ee\/en\/wp-json\/wp\/v2\/media\/17791"}],"wp:attachment":[{"href":"https:\/\/kuldkroon.ee\/en\/wp-json\/wp\/v2\/media?parent=17790"}],"wp:term":[{"taxonomy":"product_brand","embeddable":true,"href":"https:\/\/kuldkroon.ee\/en\/wp-json\/wp\/v2\/product_brand?post=17790"},{"taxonomy":"product_cat","embeddable":true,"href":"https:\/\/kuldkroon.ee\/en\/wp-json\/wp\/v2\/product_cat?post=17790"},{"taxonomy":"product_tag","embeddable":true,"href":"https:\/\/kuldkroon.ee\/en\/wp-json\/wp\/v2\/product_tag?post=17790"}],"curies":[{"name":"wp","href":"https:\/\/api.w.org\/{rel}","templated":true}]}}