{"id":17775,"date":"2018-11-08T14:18:51","date_gmt":"2018-11-08T14:18:51","guid":{"rendered":"https:\/\/kuldkroon.ee\/?post_type=product&#038;p=17775"},"modified":"2018-11-08T14:18:51","modified_gmt":"2018-11-08T14:18:51","slug":"lucienne-3","status":"publish","type":"product","link":"https:\/\/kuldkroon.ee\/en\/toode\/lucienne-3\/","title":{"rendered":"LUCIENNE"},"content":{"rendered":"<h3>FURRER JACOT &#8211; aastast 1858 Schaffhausenis, Sveitsis asuv juveelifirma on spetsialiseerunud k\u00e4sit\u00f6\u00f6na valmistatavatele kihla- ja abielus\u00f5rmustele. \u00dcleilmselt on tootja tuntud oma k\u00f5rge loovuse ja eksklusiivsuse poolest. Kogu valikuga saate tutvuda<\/h3>\n<div class=\"row\">\n<div class=\"xlarge-10 large-9 columns content-pos\">\n<div class=\"summary-description\">\n<div class=\"woocommerce-tabs wc-tabs-wrapper\">\n<div id=\"tab-description\" class=\"panel entry-content wc-tab\">\n<h3>FURRER JACOT -aastast 1858 Schaffhausenis, Sveitsis asuv juveelifirma on spetsialiseerunud r\u00e4tsepat\u00f6\u00f6na valmistatavatele kihla- ja abielus\u00f5rmustele. \u00dcleilmselt on tootja tuntud oma loovuse ja k\u00f5rgetasemelise eksklusiivsuse poolest. Kogu kollektsiooniga saate tutvuda:<br \/>\nhttps:\/\/www.furrer-jacot.com\/eu\/engagementrings<\/h3>\n<p><strong>Eluaegne garantii<\/strong><\/p>\n<p>FurrerJacot tooteid kantakse \u00fcle p\u00f5lvkondade. Seet\u00f5ttu hindame Teie ostu elukestva partnerluse algusena. FurrerJacot ei anna Teile mitte ainult matrjali ja tootmisvigade kohustuslikku garantiid. FurrerJacot kodulehel ostu registreerunud saavad tootele eluaegse garantii. KULDKROON on Furrer Jacot toodete autoriseeritud juveelisalong.<\/p>\n<\/div>\n<\/div>\n<\/div>\n<\/div>\n<\/div>\n<div class=\"row\">\n<div class=\"large-12 large-uncentered columns\">\n<div class=\"product_navigation\"><\/div>\n<\/div>\n<\/div>\n","protected":false},"excerpt":{"rendered":"<p><strong>Furrer Jacot teemants\u00f5rmus<\/strong><\/p>\n<p>54 briljantlihvis teemantit kokku 0,198 karaati F-GVS<br \/>\n(keskmise teemanti suurusega 0,50 kuni 1,25 karaati)<\/p>\n<p>54\u00a0 briljantlihvis teemantit kokku 0,246 karaati F-GVS<br \/>\n(keskmise teemanti suurusega 1,26 kuni 1,50 karaati)<\/p>\n<p>Saadavad materjalid: valge v\u00f5i kollane kuld prooviga 750\/- ja plaatina prooviga 950\/-<\/p>\n<p>S\u00f5rmuse hind:<\/p>\n","protected":false},"featured_media":17776,"comment_status":"open","ping_status":"closed","template":"","meta":{"_acf_changed":false},"product_brand":[],"product_cat":[1221],"product_tag":[],"class_list":{"0":"post-17775","1":"product","2":"type-product","3":"status-publish","4":"has-post-thumbnail","6":"product_cat-furrer-jacot-kihlasormused","8":"first","9":"instock","10":"taxable","11":"shipping-taxable","12":"product-type-simple"},"acf":[],"_links":{"self":[{"href":"https:\/\/kuldkroon.ee\/en\/wp-json\/wp\/v2\/product\/17775","targetHints":{"allow":["GET"]}}],"collection":[{"href":"https:\/\/kuldkroon.ee\/en\/wp-json\/wp\/v2\/product"}],"about":[{"href":"https:\/\/kuldkroon.ee\/en\/wp-json\/wp\/v2\/types\/product"}],"replies":[{"embeddable":true,"href":"https:\/\/kuldkroon.ee\/en\/wp-json\/wp\/v2\/comments?post=17775"}],"wp:featuredmedia":[{"embeddable":true,"href":"https:\/\/kuldkroon.ee\/en\/wp-json\/wp\/v2\/media\/17776"}],"wp:attachment":[{"href":"https:\/\/kuldkroon.ee\/en\/wp-json\/wp\/v2\/media?parent=17775"}],"wp:term":[{"taxonomy":"product_brand","embeddable":true,"href":"https:\/\/kuldkroon.ee\/en\/wp-json\/wp\/v2\/product_brand?post=17775"},{"taxonomy":"product_cat","embeddable":true,"href":"https:\/\/kuldkroon.ee\/en\/wp-json\/wp\/v2\/product_cat?post=17775"},{"taxonomy":"product_tag","embeddable":true,"href":"https:\/\/kuldkroon.ee\/en\/wp-json\/wp\/v2\/product_tag?post=17775"}],"curies":[{"name":"wp","href":"https:\/\/api.w.org\/{rel}","templated":true}]}}