{"id":16550,"date":"2018-09-11T14:11:40","date_gmt":"2018-09-11T14:11:40","guid":{"rendered":"https:\/\/kuldkroon.ee\/?post_type=product&#038;p=16550"},"modified":"2025-12-09T15:15:15","modified_gmt":"2025-12-09T15:15:15","slug":"smaragdiga-sormus-5","status":"publish","type":"product","link":"https:\/\/kuldkroon.ee\/en\/toode\/smaragdiga-sormus-5\/","title":{"rendered":"Emerald &#038; Diamonds"},"content":{"rendered":"<p><strong>Smaragd<\/strong> &#8211; Nelja k\u00f5ige kallima v\u00e4\u00e4riskivi hulka kuuluv mineraal on ber\u00fcllide r\u00fchma kuuluv. Erinevalt teistest kalliskividest ei s\u00e4hvi smaragd valgust s\u00e4ravate v\u00e4lkudena, vaid m\u00f5jub oma rahu, puhtuse, selguse ja \u00fcllusega. Juba Plinius Vanem (a. 23-79) kirjutas, et pole v\u00e4rvi, mis oleks silmadele meeldivam, ja \u00fckski asi ei haljenda rohelisemalt kui smaragd, mis levitab oma helki kaugele, otsekui v\u00e4rvides \u00f5hku enda \u00fcmber. K\u00f5igi roheliste kivide seas on smaragd vaieldamatult kauneim ja ihaldatuim.<\/p>\n","protected":false},"excerpt":{"rendered":"<div class=\"woocommerce-product-details__short-description\">\n<p>Teemants\u00f5rmus smaragdiga<\/p>\n<p>Smaragd 1,25 karaati, 6,2 x 6,2 mm<br \/>\nbriljantlihvis teemantid 64 \u00d7 0,008,\u00a0 kokku 0,512 karaati G\/Si<\/p>\n<p>Saadavad materjalid: valge, kollane v\u00f5i roosa kuld prooviga 585\/- (14KT)<\/p>\n<p>Kinkekarp<\/p>\n<\/div>\n","protected":false},"featured_media":16551,"comment_status":"open","ping_status":"closed","template":"","meta":{"_acf_changed":false},"product_brand":[],"product_cat":[1231],"product_tag":[],"class_list":{"0":"post-16550","1":"product","2":"type-product","3":"status-publish","4":"has-post-thumbnail","6":"product_cat-varvilised-vaariskivid","8":"first","9":"instock","10":"sale","11":"taxable","12":"shipping-taxable","13":"purchasable","14":"product-type-simple"},"acf":[],"_links":{"self":[{"href":"https:\/\/kuldkroon.ee\/en\/wp-json\/wp\/v2\/product\/16550","targetHints":{"allow":["GET"]}}],"collection":[{"href":"https:\/\/kuldkroon.ee\/en\/wp-json\/wp\/v2\/product"}],"about":[{"href":"https:\/\/kuldkroon.ee\/en\/wp-json\/wp\/v2\/types\/product"}],"replies":[{"embeddable":true,"href":"https:\/\/kuldkroon.ee\/en\/wp-json\/wp\/v2\/comments?post=16550"}],"wp:featuredmedia":[{"embeddable":true,"href":"https:\/\/kuldkroon.ee\/en\/wp-json\/wp\/v2\/media\/16551"}],"wp:attachment":[{"href":"https:\/\/kuldkroon.ee\/en\/wp-json\/wp\/v2\/media?parent=16550"}],"wp:term":[{"taxonomy":"product_brand","embeddable":true,"href":"https:\/\/kuldkroon.ee\/en\/wp-json\/wp\/v2\/product_brand?post=16550"},{"taxonomy":"product_cat","embeddable":true,"href":"https:\/\/kuldkroon.ee\/en\/wp-json\/wp\/v2\/product_cat?post=16550"},{"taxonomy":"product_tag","embeddable":true,"href":"https:\/\/kuldkroon.ee\/en\/wp-json\/wp\/v2\/product_tag?post=16550"}],"curies":[{"name":"wp","href":"https:\/\/api.w.org\/{rel}","templated":true}]}}