{"id":16516,"date":"2018-09-06T13:56:23","date_gmt":"2018-09-06T13:56:23","guid":{"rendered":"https:\/\/kuldkroon.ee\/?post_type=product&#038;p=16516"},"modified":"2025-11-05T14:12:28","modified_gmt":"2025-11-05T14:12:28","slug":"kihlasormused-9","status":"publish","type":"product","link":"https:\/\/kuldkroon.ee\/en\/toode\/kihlasormused-9\/","title":{"rendered":"Solitaire"},"content":{"rendered":"<p><strong>Solitaire<\/strong>\u00a0\u2013 Rahvusvaheliselt tunnustatud nimetus \u00fche teemantiga ehtele.\u00a0\u00a0Solitaire v\u00f5ib olla s\u00f5rmus, kaelakee, k\u00f5rvar\u00f5ngas v\u00f5i isegi meeste ehe. Solitaire ehted m\u00e4rgivad parimal moel \u00e4ra, kui on j\u00f5utud oma elus m\u00f5ne t\u00e4htsama s\u00fcndmuseni, nagu \u00f5rn-kuusteist\u00a0 s\u00fcnnip\u00e4ev, juubeliaasta v\u00f5i muidugi,\u00a0 k\u00f5ige t\u00e4helepanuv\u00e4\u00e4rsem \u2013<strong>\u00a0abielu ettepanek.<\/strong><\/p>\n<p>Paljud kihlujad valivad just Solitaire s\u00f5rmused oma klassikalise elegantsi t\u00f5ttu ja selle v\u00f5ime t\u00f5ttu teemanti\u00a0 ilu t\u00e4islikult n\u00e4idata. Pulmade korraldamise veebisait The Knot n\u00e4itas hiljutises uuringus, kus osales \u00fcle 7000 naise, et 25% oli saanud Solitaire s\u00f5rmused. Solitaire kategoorias on siiski ka palju erinevaid seadeid ja teemanti istutamise t\u00fc\u00fcpe, mida tuleks kaaluda selle t\u00e4iusliku kihlas\u00f5rmuse ostmisel.<\/p>\n","protected":false},"excerpt":{"rendered":"<div class=\"woocommerce-product-details__short-description\">\n<div class=\"woocommerce-product-details__short-description\">\n<p>Teemants\u00f5rmus<\/p>\n<p>Kuld prooviga 585\/-<\/p>\n<p>Briljantlihvis teemant 0,23 ct G\/Si<\/p>\n<p>Tarne -2 n\u00e4dalat<\/p>\n<\/div>\n<\/div>\n<form class=\"cart\" action=\"https:\/\/kuldkroon.ee\/toode\/solitaire-23\/\" enctype=\"multipart\/form-data\" method=\"post\"><\/form>\n","protected":false},"featured_media":16517,"comment_status":"open","ping_status":"closed","template":"","meta":{"_acf_changed":false},"product_brand":[],"product_cat":[1229],"product_tag":[],"class_list":{"0":"post-16516","1":"product","2":"type-product","3":"status-publish","4":"has-post-thumbnail","6":"product_cat-klassikalised-kihlasormused","8":"first","9":"instock","10":"sale","11":"taxable","12":"shipping-taxable","13":"purchasable","14":"product-type-simple"},"acf":[],"_links":{"self":[{"href":"https:\/\/kuldkroon.ee\/en\/wp-json\/wp\/v2\/product\/16516","targetHints":{"allow":["GET"]}}],"collection":[{"href":"https:\/\/kuldkroon.ee\/en\/wp-json\/wp\/v2\/product"}],"about":[{"href":"https:\/\/kuldkroon.ee\/en\/wp-json\/wp\/v2\/types\/product"}],"replies":[{"embeddable":true,"href":"https:\/\/kuldkroon.ee\/en\/wp-json\/wp\/v2\/comments?post=16516"}],"wp:featuredmedia":[{"embeddable":true,"href":"https:\/\/kuldkroon.ee\/en\/wp-json\/wp\/v2\/media\/16517"}],"wp:attachment":[{"href":"https:\/\/kuldkroon.ee\/en\/wp-json\/wp\/v2\/media?parent=16516"}],"wp:term":[{"taxonomy":"product_brand","embeddable":true,"href":"https:\/\/kuldkroon.ee\/en\/wp-json\/wp\/v2\/product_brand?post=16516"},{"taxonomy":"product_cat","embeddable":true,"href":"https:\/\/kuldkroon.ee\/en\/wp-json\/wp\/v2\/product_cat?post=16516"},{"taxonomy":"product_tag","embeddable":true,"href":"https:\/\/kuldkroon.ee\/en\/wp-json\/wp\/v2\/product_tag?post=16516"}],"curies":[{"name":"wp","href":"https:\/\/api.w.org\/{rel}","templated":true}]}}