{"id":16020,"date":"2018-08-22T15:17:31","date_gmt":"2018-08-22T15:17:31","guid":{"rendered":"https:\/\/kuldkroon.ee\/?post_type=product&#038;p=16020"},"modified":"2026-02-05T14:56:35","modified_gmt":"2026-02-05T14:56:35","slug":"aurodesign-2","status":"publish","type":"product","link":"https:\/\/kuldkroon.ee\/en\/toode\/aurodesign-2\/","title":{"rendered":"Aurodesign"},"content":{"rendered":"<p><strong>AURODESIGN<\/strong> abielus\u00f5rmused valmivad Belgia prestii\u017eses juveeliettev\u00f5ttes. Erinevad\u00a0stiilid, materjalid ja viimistlus annavad AURODESGNile oma erip\u00e4ra.<\/p>\n<p>AURODESGN-i s\u00f5rmus on lisaks oma esteetilisele k\u00fcljele ka mugav ning tavap\u00e4rasel kasutatamisel ei kao \u00fckski teemant. Siin saate valida abielus\u00f5rmuse, mis sobib k\u00f5ige paremini teie maitse, elustiili ja isikup\u00e4raga.<\/p>\n<p>AURODESGN v\u00f5imaldab ka personaalsete\u00a0 s\u00f5rmuste kujundamist, kuna k\u00f5ik valmib oma t\u00f6\u00f6kojas k\u00e4sit\u00f6\u00f6na. Peaaegu k\u00f5ik on v\u00f5imalik, alates lisateemantidest kuni olemasolevate mudelite variatsioonideni. Kuld prooviga 375\/- 585\/- v\u00f5i 750\/- Samuti palldium ja plaatina. Valmistatakse ka terasest ja titaanist s\u00f5rmuseid.<\/p>\n<p>KULDKROON on teile hea meelega soovitajaks ja teie soovide edastajaks.<\/p>\n","protected":false},"excerpt":{"rendered":"<p>Teemantitega kulds\u00f5rmus<\/p>\n<p>9 x 0,010 ct (VS\/SI, G-H)<\/p>\n<p>valge ja roosa kuld prooviga 585\/- (va\u00f5imalik ka valge ning kollane kuld proovid375\/- ning 750\/-)<\/p>\n<p>laius 5,0 mm, paksus 1,5 mm<\/p>\n","protected":false},"featured_media":16021,"comment_status":"open","ping_status":"closed","template":"","meta":{"_acf_changed":false},"product_brand":[],"product_cat":[1215],"product_tag":[],"class_list":{"0":"post-16020","1":"product","2":"type-product","3":"status-publish","4":"has-post-thumbnail","6":"product_cat-erilised-sormused","8":"first","9":"instock","10":"taxable","11":"shipping-taxable","12":"product-type-simple"},"acf":[],"_links":{"self":[{"href":"https:\/\/kuldkroon.ee\/en\/wp-json\/wp\/v2\/product\/16020","targetHints":{"allow":["GET"]}}],"collection":[{"href":"https:\/\/kuldkroon.ee\/en\/wp-json\/wp\/v2\/product"}],"about":[{"href":"https:\/\/kuldkroon.ee\/en\/wp-json\/wp\/v2\/types\/product"}],"replies":[{"embeddable":true,"href":"https:\/\/kuldkroon.ee\/en\/wp-json\/wp\/v2\/comments?post=16020"}],"wp:featuredmedia":[{"embeddable":true,"href":"https:\/\/kuldkroon.ee\/en\/wp-json\/wp\/v2\/media\/16021"}],"wp:attachment":[{"href":"https:\/\/kuldkroon.ee\/en\/wp-json\/wp\/v2\/media?parent=16020"}],"wp:term":[{"taxonomy":"product_brand","embeddable":true,"href":"https:\/\/kuldkroon.ee\/en\/wp-json\/wp\/v2\/product_brand?post=16020"},{"taxonomy":"product_cat","embeddable":true,"href":"https:\/\/kuldkroon.ee\/en\/wp-json\/wp\/v2\/product_cat?post=16020"},{"taxonomy":"product_tag","embeddable":true,"href":"https:\/\/kuldkroon.ee\/en\/wp-json\/wp\/v2\/product_tag?post=16020"}],"curies":[{"name":"wp","href":"https:\/\/api.w.org\/{rel}","templated":true}]}}