{"id":15969,"date":"2018-07-11T12:13:19","date_gmt":"2018-07-11T12:13:19","guid":{"rendered":"https:\/\/kuldkroon.ee\/?post_type=product&#038;p=15969"},"modified":"2018-07-11T12:13:19","modified_gmt":"2018-07-11T12:13:19","slug":"saurum-mansetinoobid-7","status":"publish","type":"product","link":"https:\/\/kuldkroon.ee\/en\/toode\/saurum-mansetinoobid-7\/","title":{"rendered":"Saurum mansetin\u00f6\u00f6bid"},"content":{"rendered":"","protected":false},"excerpt":{"rendered":"<p>Saurum mansetin\u00f6\u00f6bid, h\u00f5be \u00fcle kullatud<\/p>\n<p>H\u00f5be 925\/-<\/p>\n<p>20x13mm<\/p>\n<p>Graveeritav<\/p>\n","protected":false},"featured_media":15970,"comment_status":"open","ping_status":"closed","template":"","meta":{"_acf_changed":false},"product_brand":[],"product_cat":[1144],"product_tag":[],"class_list":{"0":"post-15969","1":"product","2":"type-product","3":"status-publish","4":"has-post-thumbnail","6":"product_cat-mansetinoobid-lipsunoelad","8":"first","9":"instock","10":"taxable","11":"shipping-taxable","12":"purchasable","13":"product-type-simple"},"acf":[],"_links":{"self":[{"href":"https:\/\/kuldkroon.ee\/en\/wp-json\/wp\/v2\/product\/15969","targetHints":{"allow":["GET"]}}],"collection":[{"href":"https:\/\/kuldkroon.ee\/en\/wp-json\/wp\/v2\/product"}],"about":[{"href":"https:\/\/kuldkroon.ee\/en\/wp-json\/wp\/v2\/types\/product"}],"replies":[{"embeddable":true,"href":"https:\/\/kuldkroon.ee\/en\/wp-json\/wp\/v2\/comments?post=15969"}],"wp:featuredmedia":[{"embeddable":true,"href":"https:\/\/kuldkroon.ee\/en\/wp-json\/wp\/v2\/media\/15970"}],"wp:attachment":[{"href":"https:\/\/kuldkroon.ee\/en\/wp-json\/wp\/v2\/media?parent=15969"}],"wp:term":[{"taxonomy":"product_brand","embeddable":true,"href":"https:\/\/kuldkroon.ee\/en\/wp-json\/wp\/v2\/product_brand?post=15969"},{"taxonomy":"product_cat","embeddable":true,"href":"https:\/\/kuldkroon.ee\/en\/wp-json\/wp\/v2\/product_cat?post=15969"},{"taxonomy":"product_tag","embeddable":true,"href":"https:\/\/kuldkroon.ee\/en\/wp-json\/wp\/v2\/product_tag?post=15969"}],"curies":[{"name":"wp","href":"https:\/\/api.w.org\/{rel}","templated":true}]}}