{"id":14126,"date":"2018-04-18T15:24:34","date_gmt":"2018-04-18T15:24:34","guid":{"rendered":"https:\/\/kuldkroon.ee\/?post_type=product&#038;p=14126"},"modified":"2020-01-06T10:52:48","modified_gmt":"2020-01-06T10:52:48","slug":"luxenter-kaelakee-parl","status":"publish","type":"product","link":"https:\/\/kuldkroon.ee\/en\/toode\/luxenter-kaelakee-parl\/","title":{"rendered":"Luxenter kaelakee, p\u00e4rl"},"content":{"rendered":"","protected":false},"excerpt":{"rendered":"<p>Luxenter kaelakee<\/p>\n<p>H\u00f5be 925\/-<\/p>\n<p>Sinine topaas ja p\u00e4rl<\/p>\n<p>Keti pikkus 40cm<\/p>\n<p>Ripatsi l\u00e4bim\u00f5\u00f5t 17mm<\/p>\n<p>Kinkekarp<\/p>\n","protected":false},"featured_media":14127,"comment_status":"open","ping_status":"closed","template":"","meta":{"_acf_changed":false},"product_brand":[],"product_cat":[1133,1120,1114],"product_tag":[],"class_list":{"0":"post-14126","1":"product","2":"type-product","3":"status-publish","4":"has-post-thumbnail","6":"product_cat-hobedast-kaelakeed","7":"product_cat-luxenter","8":"product_cat-outlet","10":"first","11":"instock","12":"sale","13":"taxable","14":"shipping-taxable","15":"purchasable","16":"product-type-simple"},"acf":[],"_links":{"self":[{"href":"https:\/\/kuldkroon.ee\/en\/wp-json\/wp\/v2\/product\/14126","targetHints":{"allow":["GET"]}}],"collection":[{"href":"https:\/\/kuldkroon.ee\/en\/wp-json\/wp\/v2\/product"}],"about":[{"href":"https:\/\/kuldkroon.ee\/en\/wp-json\/wp\/v2\/types\/product"}],"replies":[{"embeddable":true,"href":"https:\/\/kuldkroon.ee\/en\/wp-json\/wp\/v2\/comments?post=14126"}],"wp:featuredmedia":[{"embeddable":true,"href":"https:\/\/kuldkroon.ee\/en\/wp-json\/wp\/v2\/media\/14127"}],"wp:attachment":[{"href":"https:\/\/kuldkroon.ee\/en\/wp-json\/wp\/v2\/media?parent=14126"}],"wp:term":[{"taxonomy":"product_brand","embeddable":true,"href":"https:\/\/kuldkroon.ee\/en\/wp-json\/wp\/v2\/product_brand?post=14126"},{"taxonomy":"product_cat","embeddable":true,"href":"https:\/\/kuldkroon.ee\/en\/wp-json\/wp\/v2\/product_cat?post=14126"},{"taxonomy":"product_tag","embeddable":true,"href":"https:\/\/kuldkroon.ee\/en\/wp-json\/wp\/v2\/product_tag?post=14126"}],"curies":[{"name":"wp","href":"https:\/\/api.w.org\/{rel}","templated":true}]}}