{"id":13841,"date":"2018-02-27T13:41:50","date_gmt":"2018-02-27T13:41:50","guid":{"rendered":"https:\/\/kuldkroon.ee\/?post_type=product&#038;p=13841"},"modified":"2018-02-27T13:41:50","modified_gmt":"2018-02-27T13:41:50","slug":"les-classiques-5","status":"publish","type":"product","link":"https:\/\/kuldkroon.ee\/en\/toode\/les-classiques-5\/","title":{"rendered":"Les Classiques"},"content":{"rendered":"<p>Les Classiques<\/p>\n<p>Klassikalised abielus\u00f5rmused Prantsusmaalt. Sarja 135 iseloomustab nii pealt, kui seest \u00fcmar profiil.<br \/>\nS\u00f5rmuseid valmistatakse valgest, roosast v\u00f5i kollasest kullast prooviga 375\/- ja 750\/- , palladiumist prooviga 950\/- v\u00f5i plaatinast prooviga 950\/-<br \/>\nS\u00f5rmuste laiust saab valida alates 2,0 kuni 7,0 mm. V\u00f5imalik on tellida ka mati pinnat\u00f6\u00f6tlusega ning soovi korral lisada s\u00f5rmusesse ka teemant (0,05 ct )<\/p>\n","protected":false},"excerpt":{"rendered":"<p>K\u00fcsi hinnapakkumist sobivale s\u00f5rmuse laiusele 2,0 kuni 7,0 mm<\/p>\n","protected":false},"featured_media":0,"comment_status":"open","ping_status":"closed","template":"","meta":{"_acf_changed":false},"product_brand":[],"product_cat":[1189],"product_tag":[],"class_list":{"0":"post-13841","1":"product","2":"type-product","3":"status-publish","5":"product_cat-classique","7":"first","8":"instock","9":"taxable","10":"shipping-taxable","11":"product-type-simple"},"acf":[],"_links":{"self":[{"href":"https:\/\/kuldkroon.ee\/en\/wp-json\/wp\/v2\/product\/13841","targetHints":{"allow":["GET"]}}],"collection":[{"href":"https:\/\/kuldkroon.ee\/en\/wp-json\/wp\/v2\/product"}],"about":[{"href":"https:\/\/kuldkroon.ee\/en\/wp-json\/wp\/v2\/types\/product"}],"replies":[{"embeddable":true,"href":"https:\/\/kuldkroon.ee\/en\/wp-json\/wp\/v2\/comments?post=13841"}],"wp:attachment":[{"href":"https:\/\/kuldkroon.ee\/en\/wp-json\/wp\/v2\/media?parent=13841"}],"wp:term":[{"taxonomy":"product_brand","embeddable":true,"href":"https:\/\/kuldkroon.ee\/en\/wp-json\/wp\/v2\/product_brand?post=13841"},{"taxonomy":"product_cat","embeddable":true,"href":"https:\/\/kuldkroon.ee\/en\/wp-json\/wp\/v2\/product_cat?post=13841"},{"taxonomy":"product_tag","embeddable":true,"href":"https:\/\/kuldkroon.ee\/en\/wp-json\/wp\/v2\/product_tag?post=13841"}],"curies":[{"name":"wp","href":"https:\/\/api.w.org\/{rel}","templated":true}]}}