{"id":13665,"date":"2018-02-15T15:53:47","date_gmt":"2018-02-15T15:53:47","guid":{"rendered":"https:\/\/kuldkroon.ee\/?post_type=product&#038;p=13665"},"modified":"2019-04-17T14:11:35","modified_gmt":"2019-04-17T14:11:35","slug":"sophisticolour","status":"publish","type":"product","link":"https:\/\/kuldkroon.ee\/en\/toode\/sophisticolour\/","title":{"rendered":"Sophisticolour"},"content":{"rendered":"<p><strong>RAPHAEL<\/strong> s\u00f5rmused valmistatakse Inglismaal. K\u00f5iki s\u00f5rmuseid saab tellida valgest, kollasest v\u00f5i roosast kullast prooviga 375\/- v\u00f5i 750\/-, palladiumist prooviga 950\/- ning plaatinast prooviga 950\/- Kasutatakse ainult looduslikke kvaliteetseid teemanteid ja teisi v\u00e4\u00e4riskive (safiir, smaragd,rubiin, tanzaniit, akvamariin, opaal, oliviin). S\u00f5rmuste keskmistele kividele kaasneb rahvusvaheline\u00a0 sertifikaat. Valida saab v\u00e4ga erineva puhtuse ja v\u00e4rvi astmega teemanteid.<br \/>\nS\u00f5rmuste tarneaeg on kuni 4 n\u00e4dalat.<\/p>\n","protected":false},"excerpt":{"rendered":"<p>Sophisticolour s\u00f5rmuseid on Raphael kollektsioonis v\u00e4ga erineva suurusega v\u00e4rviliste v\u00e4\u00e4riskividega.<br \/>\nIga s\u00f5rmuse t\u00fc\u00fcbi kohta v\u00f5id k\u00fcsida kas suurema v\u00f5i v\u00e4iksema kviga sarnast mudelit ning v\u00e4hema v\u00f5i enama arvuga teemantitega nende \u00fcmber. Kasutatakse vaid looduslikke v\u00e4\u00e4riskive.<\/p>\n","protected":false},"featured_media":13666,"comment_status":"open","ping_status":"closed","template":"","meta":{"_acf_changed":false},"product_brand":[],"product_cat":[1231],"product_tag":[],"class_list":{"0":"post-13665","1":"product","2":"type-product","3":"status-publish","4":"has-post-thumbnail","6":"product_cat-varvilised-vaariskivid","8":"first","9":"instock","10":"taxable","11":"shipping-taxable","12":"product-type-simple"},"acf":[],"_links":{"self":[{"href":"https:\/\/kuldkroon.ee\/en\/wp-json\/wp\/v2\/product\/13665","targetHints":{"allow":["GET"]}}],"collection":[{"href":"https:\/\/kuldkroon.ee\/en\/wp-json\/wp\/v2\/product"}],"about":[{"href":"https:\/\/kuldkroon.ee\/en\/wp-json\/wp\/v2\/types\/product"}],"replies":[{"embeddable":true,"href":"https:\/\/kuldkroon.ee\/en\/wp-json\/wp\/v2\/comments?post=13665"}],"wp:featuredmedia":[{"embeddable":true,"href":"https:\/\/kuldkroon.ee\/en\/wp-json\/wp\/v2\/media\/13666"}],"wp:attachment":[{"href":"https:\/\/kuldkroon.ee\/en\/wp-json\/wp\/v2\/media?parent=13665"}],"wp:term":[{"taxonomy":"product_brand","embeddable":true,"href":"https:\/\/kuldkroon.ee\/en\/wp-json\/wp\/v2\/product_brand?post=13665"},{"taxonomy":"product_cat","embeddable":true,"href":"https:\/\/kuldkroon.ee\/en\/wp-json\/wp\/v2\/product_cat?post=13665"},{"taxonomy":"product_tag","embeddable":true,"href":"https:\/\/kuldkroon.ee\/en\/wp-json\/wp\/v2\/product_tag?post=13665"}],"curies":[{"name":"wp","href":"https:\/\/api.w.org\/{rel}","templated":true}]}}