{"id":13565,"date":"2018-02-13T12:13:55","date_gmt":"2018-02-13T12:13:55","guid":{"rendered":"https:\/\/kuldkroon.ee\/?post_type=product&#038;p=13565"},"modified":"2025-12-21T12:42:41","modified_gmt":"2025-12-21T12:42:41","slug":"marry-me-21","status":"publish","type":"product","link":"https:\/\/kuldkroon.ee\/en\/toode\/marry-me-21\/","title":{"rendered":"Marry Me"},"content":{"rendered":"<p><strong>RAPHAEL<\/strong> s\u00f5rmused valmistatakse Inglismaal. K\u00f5iki s\u00f5rmuseid saab tellida valgest, kollasest v\u00f5i roosast kullast prooviga 375\/- v\u00f5i 750\/-, palladiumist prooviga 950\/- ning plaatinast prooviga 950\/- Kasutatakse ainult looduslikke kvaliteetseid teemanteid ja teisi v\u00e4\u00e4riskive (safiir, smaragd,rubiin). S\u00f5rmuste keskmistele kividele kaasneb rahvusvaheline IGI sertifikaat. Valida saab v\u00e4ga erineva puhtuse ja v\u00e4rvi astmega teemanteid.<br \/>\nS\u00f5rmuste tarneaeg on 4 n\u00e4dalat.<\/p>\n<p>NB! K\u00f5iki s\u00f5rmuse t\u00fc\u00fcpe on Inglismaal IGI sertifikaadiga teemantitega tavaliselt ka laos m\u00f5ni olemas. <strong>K\u00fcsi pakkumist ja laos olemasolu korral saame tarnida kuni 5 p\u00e4evaga!<\/strong><\/p>\n","protected":false},"excerpt":{"rendered":"<p class=\"qtranxs-available-languages-message qtranxs-available-languages-message-en\">Sorry, this entry is only available in <a href=\"https:\/\/kuldkroon.ee\/et\/wp-json\/wp\/v2\/product\/13565\" class=\"qtranxs-available-language-link qtranxs-available-language-link-et\" title=\"Eesti\">Eesti<\/a>.<\/p>\n","protected":false},"featured_media":13566,"comment_status":"open","ping_status":"closed","template":"","meta":{"_acf_changed":false},"product_brand":[],"product_cat":[1230],"product_tag":[],"class_list":{"0":"post-13565","1":"product","2":"type-product","3":"status-publish","4":"has-post-thumbnail","6":"product_cat-mitme-teemantiga","8":"first","9":"instock","10":"taxable","11":"shipping-taxable","12":"product-type-simple"},"acf":[],"_links":{"self":[{"href":"https:\/\/kuldkroon.ee\/en\/wp-json\/wp\/v2\/product\/13565","targetHints":{"allow":["GET"]}}],"collection":[{"href":"https:\/\/kuldkroon.ee\/en\/wp-json\/wp\/v2\/product"}],"about":[{"href":"https:\/\/kuldkroon.ee\/en\/wp-json\/wp\/v2\/types\/product"}],"replies":[{"embeddable":true,"href":"https:\/\/kuldkroon.ee\/en\/wp-json\/wp\/v2\/comments?post=13565"}],"wp:featuredmedia":[{"embeddable":true,"href":"https:\/\/kuldkroon.ee\/en\/wp-json\/wp\/v2\/media\/13566"}],"wp:attachment":[{"href":"https:\/\/kuldkroon.ee\/en\/wp-json\/wp\/v2\/media?parent=13565"}],"wp:term":[{"taxonomy":"product_brand","embeddable":true,"href":"https:\/\/kuldkroon.ee\/en\/wp-json\/wp\/v2\/product_brand?post=13565"},{"taxonomy":"product_cat","embeddable":true,"href":"https:\/\/kuldkroon.ee\/en\/wp-json\/wp\/v2\/product_cat?post=13565"},{"taxonomy":"product_tag","embeddable":true,"href":"https:\/\/kuldkroon.ee\/en\/wp-json\/wp\/v2\/product_tag?post=13565"}],"curies":[{"name":"wp","href":"https:\/\/api.w.org\/{rel}","templated":true}]}}