{"id":13546,"date":"2018-02-09T15:46:39","date_gmt":"2018-02-09T15:46:39","guid":{"rendered":"https:\/\/kuldkroon.ee\/?post_type=product&#038;p=13546"},"modified":"2023-01-17T10:58:14","modified_gmt":"2023-01-17T10:58:14","slug":"ikaros-superb-25","status":"publish","type":"product","link":"https:\/\/kuldkroon.ee\/en\/toode\/ikaros-superb-25\/","title":{"rendered":"Ikaros Superb"},"content":{"rendered":"<p class=\"qtranxs-available-languages-message qtranxs-available-languages-message-en\">Sorry, this entry is only available in <a href=\"https:\/\/kuldkroon.ee\/et\/wp-json\/wp\/v2\/product\/13546\" class=\"qtranxs-available-language-link qtranxs-available-language-link-et\" title=\"Eesti\">Eesti<\/a>.<\/p>","protected":false},"excerpt":{"rendered":"<p><strong>Ikaros abielus\u00f5rmused<\/strong><\/p>\n<p>Briljantlihvis teemantid 31 x 0,02 karaati G\/Si<br \/>\n(v\u00f5imalik ka nt. poole v\u00f5i 1\/3 r\u00f5nga ulatuses v\u00f5i tsirkoonidega)<\/p>\n<p>Valge kuld prooviga 585\/-<br \/>\n(v\u00f5imalik ka roosa v\u00f5i kollane ning \u00fchev\u00e4rviline kuld)<\/p>\n<p>S\u00f5rmuste laius: 7,0 mm (v\u00f5imalik 4,0 \u2013 8,0 mm)<\/p>\n<p><strong>2 s\u00f5rmust kokku hind\u00a0 ca 2 885 EUR<\/strong><\/p>\n<p>K\u00fcsi pakkumist oma s\u00f5rme suurustele ja laiustele!<\/p>\n<p>Kinkekarp<\/p>\n","protected":false},"featured_media":13547,"comment_status":"open","ping_status":"closed","template":"","meta":{"_acf_changed":false},"product_brand":[],"product_cat":[1160],"product_tag":[],"class_list":{"0":"post-13546","1":"product","2":"type-product","3":"status-publish","4":"has-post-thumbnail","6":"product_cat-ikaros-abielusormused","8":"first","9":"instock","10":"taxable","11":"shipping-taxable","12":"product-type-simple"},"acf":[],"_links":{"self":[{"href":"https:\/\/kuldkroon.ee\/en\/wp-json\/wp\/v2\/product\/13546","targetHints":{"allow":["GET"]}}],"collection":[{"href":"https:\/\/kuldkroon.ee\/en\/wp-json\/wp\/v2\/product"}],"about":[{"href":"https:\/\/kuldkroon.ee\/en\/wp-json\/wp\/v2\/types\/product"}],"replies":[{"embeddable":true,"href":"https:\/\/kuldkroon.ee\/en\/wp-json\/wp\/v2\/comments?post=13546"}],"wp:featuredmedia":[{"embeddable":true,"href":"https:\/\/kuldkroon.ee\/en\/wp-json\/wp\/v2\/media\/13547"}],"wp:attachment":[{"href":"https:\/\/kuldkroon.ee\/en\/wp-json\/wp\/v2\/media?parent=13546"}],"wp:term":[{"taxonomy":"product_brand","embeddable":true,"href":"https:\/\/kuldkroon.ee\/en\/wp-json\/wp\/v2\/product_brand?post=13546"},{"taxonomy":"product_cat","embeddable":true,"href":"https:\/\/kuldkroon.ee\/en\/wp-json\/wp\/v2\/product_cat?post=13546"},{"taxonomy":"product_tag","embeddable":true,"href":"https:\/\/kuldkroon.ee\/en\/wp-json\/wp\/v2\/product_tag?post=13546"}],"curies":[{"name":"wp","href":"https:\/\/api.w.org\/{rel}","templated":true}]}}