{"id":13441,"date":"2018-02-05T16:11:41","date_gmt":"2018-02-05T16:11:41","guid":{"rendered":"https:\/\/kuldkroon.ee\/?post_type=product&#038;p=13441"},"modified":"2018-02-05T16:17:34","modified_gmt":"2018-02-05T16:17:34","slug":"vendetta-pinky-ring","status":"publish","type":"product","link":"https:\/\/kuldkroon.ee\/en\/toode\/vendetta-pinky-ring\/","title":{"rendered":"Vendetta &#8211; Pinky Ring"},"content":{"rendered":"<p>Miks on k\u00e4e v\u00e4ike s\u00f5rm j\u00e4etud ehtimise kaunist kunstist enamasti k\u00f5rvale!<br \/>\nVendetta \u2013 t\u00f5eline v\u00e4ikese s\u00f5rme k\u00e4ttemaks\u2026.<\/p>\n","protected":false},"excerpt":{"rendered":"<p>Punase korundiga valgest kullast s\u00f5rmus briljantlihvis erineva suurusega teemantitega.<\/p>\n<p>K\u00fcsi pakkumist!<\/p>\n","protected":false},"featured_media":13442,"comment_status":"open","ping_status":"closed","template":"","meta":{"_acf_changed":false},"product_brand":[],"product_cat":[1186],"product_tag":[],"class_list":{"0":"post-13441","1":"product","2":"type-product","3":"status-publish","4":"has-post-thumbnail","6":"product_cat-vendetta","8":"first","9":"instock","10":"taxable","11":"shipping-taxable","12":"product-type-simple"},"acf":[],"_links":{"self":[{"href":"https:\/\/kuldkroon.ee\/en\/wp-json\/wp\/v2\/product\/13441","targetHints":{"allow":["GET"]}}],"collection":[{"href":"https:\/\/kuldkroon.ee\/en\/wp-json\/wp\/v2\/product"}],"about":[{"href":"https:\/\/kuldkroon.ee\/en\/wp-json\/wp\/v2\/types\/product"}],"replies":[{"embeddable":true,"href":"https:\/\/kuldkroon.ee\/en\/wp-json\/wp\/v2\/comments?post=13441"}],"wp:featuredmedia":[{"embeddable":true,"href":"https:\/\/kuldkroon.ee\/en\/wp-json\/wp\/v2\/media\/13442"}],"wp:attachment":[{"href":"https:\/\/kuldkroon.ee\/en\/wp-json\/wp\/v2\/media?parent=13441"}],"wp:term":[{"taxonomy":"product_brand","embeddable":true,"href":"https:\/\/kuldkroon.ee\/en\/wp-json\/wp\/v2\/product_brand?post=13441"},{"taxonomy":"product_cat","embeddable":true,"href":"https:\/\/kuldkroon.ee\/en\/wp-json\/wp\/v2\/product_cat?post=13441"},{"taxonomy":"product_tag","embeddable":true,"href":"https:\/\/kuldkroon.ee\/en\/wp-json\/wp\/v2\/product_tag?post=13441"}],"curies":[{"name":"wp","href":"https:\/\/api.w.org\/{rel}","templated":true}]}}