{"id":13430,"date":"2018-02-05T15:29:57","date_gmt":"2018-02-05T15:29:57","guid":{"rendered":"https:\/\/kuldkroon.ee\/?post_type=product&#038;p=13430"},"modified":"2018-02-05T15:40:54","modified_gmt":"2018-02-05T15:40:54","slug":"vendetta","status":"publish","type":"product","link":"https:\/\/kuldkroon.ee\/en\/toode\/vendetta\/","title":{"rendered":"Vendetta &#8211; The Princess"},"content":{"rendered":"<p><span id=\"result_box\" class=\"\" lang=\"et\"><span class=\"\">Inspireerituna Shakespeare legendaarsest Romeo ja Julia armastusloost on Schaffrath loonud t\u00e4iesti vapustava teemantehete\u00a0 sarja: Vendetta.<\/span> O<span class=\"\">htlikult ilusate meistriteoste puhul on kasutatud v\u00e4\u00e4rtuslikku plaatina koos v\u00f5rgutavate rubiinv\u00e4rvidega, mida kroonitakse suurep\u00e4raste, kuni mitme-karaadiste teemantide.<br \/>\n<\/span><\/span><\/p>\n","protected":false},"excerpt":{"rendered":"<p><span id=\"result_box\" class=\"\" lang=\"et\"><span class=\"\">Graatsia ja ilu on printsessi s\u00fcmbolid.<\/span> <span class=\"\">Lisaks sellele on need kaks s\u00fcmbolit Vendetta kollektsiooni uusima ja eksklusiivseima teose uued omadused.<\/span> <span class=\"\">Nelja karaadise printsessi-lihvi l\u00f5igatud teemant kroonib r\u00f5nga, samal ajal asetatakse \u00fcmber plaatinast valmistatud t\u00e4iuslikult kujundatud r\u00f5ngale 30 baguette-lihvis teemantit.<\/span> P<span class=\"\">unasest korundist valmistatud sisemine r\u00f5ngas s\u00fcvendab s\u00f5rmuse unikaalsust veelgi.<\/span><\/span><\/p>\n","protected":false},"featured_media":13432,"comment_status":"open","ping_status":"closed","template":"","meta":{"_acf_changed":false},"product_brand":[],"product_cat":[1186],"product_tag":[],"class_list":{"0":"post-13430","1":"product","2":"type-product","3":"status-publish","4":"has-post-thumbnail","6":"product_cat-vendetta","8":"first","9":"instock","10":"taxable","11":"shipping-taxable","12":"product-type-simple"},"acf":[],"_links":{"self":[{"href":"https:\/\/kuldkroon.ee\/en\/wp-json\/wp\/v2\/product\/13430","targetHints":{"allow":["GET"]}}],"collection":[{"href":"https:\/\/kuldkroon.ee\/en\/wp-json\/wp\/v2\/product"}],"about":[{"href":"https:\/\/kuldkroon.ee\/en\/wp-json\/wp\/v2\/types\/product"}],"replies":[{"embeddable":true,"href":"https:\/\/kuldkroon.ee\/en\/wp-json\/wp\/v2\/comments?post=13430"}],"wp:featuredmedia":[{"embeddable":true,"href":"https:\/\/kuldkroon.ee\/en\/wp-json\/wp\/v2\/media\/13432"}],"wp:attachment":[{"href":"https:\/\/kuldkroon.ee\/en\/wp-json\/wp\/v2\/media?parent=13430"}],"wp:term":[{"taxonomy":"product_brand","embeddable":true,"href":"https:\/\/kuldkroon.ee\/en\/wp-json\/wp\/v2\/product_brand?post=13430"},{"taxonomy":"product_cat","embeddable":true,"href":"https:\/\/kuldkroon.ee\/en\/wp-json\/wp\/v2\/product_cat?post=13430"},{"taxonomy":"product_tag","embeddable":true,"href":"https:\/\/kuldkroon.ee\/en\/wp-json\/wp\/v2\/product_tag?post=13430"}],"curies":[{"name":"wp","href":"https:\/\/api.w.org\/{rel}","templated":true}]}}