{"id":13376,"date":"2018-01-26T15:07:31","date_gmt":"2018-01-26T15:07:31","guid":{"rendered":"https:\/\/kuldkroon.ee\/?post_type=product&#038;p=13376"},"modified":"2018-01-26T15:07:31","modified_gmt":"2018-01-26T15:07:31","slug":"liberte","status":"publish","type":"product","link":"https:\/\/kuldkroon.ee\/en\/toode\/liberte\/","title":{"rendered":"Libert\u00e9"},"content":{"rendered":"","protected":false},"excerpt":{"rendered":"<p>Vali vasakult rippmen\u00fc\u00fcst sari Libert\u00e9 ja Sinu ees avaneb unikaalne sari teemants\u00f5rmuseid ja ehteid. Teemantile ehtes on \u00e4etud vabadus p\u00f6\u00f6relda, et pakkuda kandjale erilist tunnetust teemanti briljantsusest.<\/p>\n","protected":false},"featured_media":13377,"comment_status":"open","ping_status":"closed","template":"","meta":{"_acf_changed":false},"product_brand":[],"product_cat":[1173],"product_tag":[],"class_list":{"0":"post-13376","1":"product","2":"type-product","3":"status-publish","4":"has-post-thumbnail","6":"product_cat-shaffrath","8":"first","9":"instock","10":"taxable","11":"shipping-taxable","12":"product-type-simple"},"acf":[],"_links":{"self":[{"href":"https:\/\/kuldkroon.ee\/en\/wp-json\/wp\/v2\/product\/13376","targetHints":{"allow":["GET"]}}],"collection":[{"href":"https:\/\/kuldkroon.ee\/en\/wp-json\/wp\/v2\/product"}],"about":[{"href":"https:\/\/kuldkroon.ee\/en\/wp-json\/wp\/v2\/types\/product"}],"replies":[{"embeddable":true,"href":"https:\/\/kuldkroon.ee\/en\/wp-json\/wp\/v2\/comments?post=13376"}],"wp:featuredmedia":[{"embeddable":true,"href":"https:\/\/kuldkroon.ee\/en\/wp-json\/wp\/v2\/media\/13377"}],"wp:attachment":[{"href":"https:\/\/kuldkroon.ee\/en\/wp-json\/wp\/v2\/media?parent=13376"}],"wp:term":[{"taxonomy":"product_brand","embeddable":true,"href":"https:\/\/kuldkroon.ee\/en\/wp-json\/wp\/v2\/product_brand?post=13376"},{"taxonomy":"product_cat","embeddable":true,"href":"https:\/\/kuldkroon.ee\/en\/wp-json\/wp\/v2\/product_cat?post=13376"},{"taxonomy":"product_tag","embeddable":true,"href":"https:\/\/kuldkroon.ee\/en\/wp-json\/wp\/v2\/product_tag?post=13376"}],"curies":[{"name":"wp","href":"https:\/\/api.w.org\/{rel}","templated":true}]}}