{"id":13357,"date":"2018-01-25T12:23:42","date_gmt":"2018-01-25T12:23:42","guid":{"rendered":"https:\/\/kuldkroon.ee\/?post_type=product&#038;p=13357"},"modified":"2019-06-29T11:20:35","modified_gmt":"2019-06-29T11:20:35","slug":"luisa-9","status":"publish","type":"product","link":"https:\/\/www.kuldkroon.ee\/en\/toode\/luisa-9\/","title":{"rendered":"Luisa 0.4"},"content":{"rendered":"<p><strong>Lady of the Ring<\/strong>\u00a0\u2013 kullast r\u00f5ngas \u00fche briljandiga on k\u00f5ikide kihlas\u00f5rmuste ema.<br \/>\nKasutatud on looduslikke, hoolikalt lihvitud teemantied.<br \/>\nS\u00f5rmused valmistatakse Saksamaal, ajaloolises juveliiride linnakeses Pforzheim.<\/p>\n","protected":false},"excerpt":{"rendered":"<div class=\"woocommerce-product-details__short-description\">\n<p>1 briljantlihvis teemant 0,40 karaati W\/Si<\/p>\n<p>Kuld prooviga 585\/- (14KT)<br \/>\nV\u00f5imalik tellida ka kullaprooviga 750\/- (18Kt)<\/p>\n<p>R\u00f5nga laius 2,2 mm<\/p>\n<p>Tarneaeg 7 p\u00e4eva (roosast kullast 4 n\u00e4dalat)<\/p>\n<p>Kinkeparp<\/p>\n<p>Teemantitunnistus<\/p>\n<\/div>\n","protected":false},"featured_media":15082,"comment_status":"open","ping_status":"closed","template":"","meta":{"_acf_changed":false},"product_brand":[],"product_cat":[1229],"product_tag":[],"class_list":{"0":"post-13357","1":"product","2":"type-product","3":"status-publish","4":"has-post-thumbnail","6":"product_cat-klassikalised-kihlasormused","8":"first","9":"instock","10":"sale","11":"featured","12":"taxable","13":"shipping-taxable","14":"purchasable","15":"product-type-variable"},"acf":[],"_links":{"self":[{"href":"https:\/\/www.kuldkroon.ee\/en\/wp-json\/wp\/v2\/product\/13357","targetHints":{"allow":["GET"]}}],"collection":[{"href":"https:\/\/www.kuldkroon.ee\/en\/wp-json\/wp\/v2\/product"}],"about":[{"href":"https:\/\/www.kuldkroon.ee\/en\/wp-json\/wp\/v2\/types\/product"}],"replies":[{"embeddable":true,"href":"https:\/\/www.kuldkroon.ee\/en\/wp-json\/wp\/v2\/comments?post=13357"}],"wp:featuredmedia":[{"embeddable":true,"href":"https:\/\/www.kuldkroon.ee\/en\/wp-json\/wp\/v2\/media\/15082"}],"wp:attachment":[{"href":"https:\/\/www.kuldkroon.ee\/en\/wp-json\/wp\/v2\/media?parent=13357"}],"wp:term":[{"taxonomy":"product_brand","embeddable":true,"href":"https:\/\/www.kuldkroon.ee\/en\/wp-json\/wp\/v2\/product_brand?post=13357"},{"taxonomy":"product_cat","embeddable":true,"href":"https:\/\/www.kuldkroon.ee\/en\/wp-json\/wp\/v2\/product_cat?post=13357"},{"taxonomy":"product_tag","embeddable":true,"href":"https:\/\/www.kuldkroon.ee\/en\/wp-json\/wp\/v2\/product_tag?post=13357"}],"curies":[{"name":"wp","href":"https:\/\/api.w.org\/{rel}","templated":true}]}}