{"id":13332,"date":"2018-01-24T15:00:06","date_gmt":"2018-01-24T15:00:06","guid":{"rendered":"https:\/\/kuldkroon.ee\/?post_type=product&#038;p=13332"},"modified":"2019-06-29T12:44:06","modified_gmt":"2019-06-29T12:44:06","slug":"julia-7","status":"publish","type":"product","link":"https:\/\/kuldkroon.ee\/en\/toode\/julia-7\/","title":{"rendered":"Julia 0.25"},"content":{"rendered":"<p><strong>Lady of the Ring<\/strong>\u00a0\u2013 kullast r\u00f5ngas \u00fche briljandiga on k\u00f5ikide kihlas\u00f5rmuste ema.<br \/>\nKasutatud on looduslikke, hoolikalt lihvitud teemantied.<br \/>\nS\u00f5rmused valmistatakse Saksamaal, ajaloolises juveliiride linnakeses Pforzheim.<\/p>\n","protected":false},"excerpt":{"rendered":"<p>1 briljantlihvis teemant 0,25 karaati W\/Si<\/p>\n<p>Kuld prooviga 585\/- (14KT)<br \/>\nV\u00f5imalik tellida ka kullaprooviga 750\/- (18Kt)<\/p>\n<p>R\u00f5nga laius 1,8 mm<\/p>\n<p>Tarneaeg 7 p\u00e4eva (roosast kullast 4 n\u00e4dalat)<\/p>\n<p>Kinkeparp<\/p>\n<p>Teemantitunnistus<\/p>\n","protected":false},"featured_media":13333,"comment_status":"open","ping_status":"closed","template":"","meta":{"_acf_changed":false},"product_brand":[],"product_cat":[1229],"product_tag":[],"class_list":{"0":"post-13332","1":"product","2":"type-product","3":"status-publish","4":"has-post-thumbnail","6":"product_cat-klassikalised-kihlasormused","8":"first","9":"instock","10":"sale","11":"featured","12":"taxable","13":"shipping-taxable","14":"purchasable","15":"product-type-variable"},"acf":[],"_links":{"self":[{"href":"https:\/\/kuldkroon.ee\/en\/wp-json\/wp\/v2\/product\/13332","targetHints":{"allow":["GET"]}}],"collection":[{"href":"https:\/\/kuldkroon.ee\/en\/wp-json\/wp\/v2\/product"}],"about":[{"href":"https:\/\/kuldkroon.ee\/en\/wp-json\/wp\/v2\/types\/product"}],"replies":[{"embeddable":true,"href":"https:\/\/kuldkroon.ee\/en\/wp-json\/wp\/v2\/comments?post=13332"}],"wp:featuredmedia":[{"embeddable":true,"href":"https:\/\/kuldkroon.ee\/en\/wp-json\/wp\/v2\/media\/13333"}],"wp:attachment":[{"href":"https:\/\/kuldkroon.ee\/en\/wp-json\/wp\/v2\/media?parent=13332"}],"wp:term":[{"taxonomy":"product_brand","embeddable":true,"href":"https:\/\/kuldkroon.ee\/en\/wp-json\/wp\/v2\/product_brand?post=13332"},{"taxonomy":"product_cat","embeddable":true,"href":"https:\/\/kuldkroon.ee\/en\/wp-json\/wp\/v2\/product_cat?post=13332"},{"taxonomy":"product_tag","embeddable":true,"href":"https:\/\/kuldkroon.ee\/en\/wp-json\/wp\/v2\/product_tag?post=13332"}],"curies":[{"name":"wp","href":"https:\/\/api.w.org\/{rel}","templated":true}]}}