{"id":12985,"date":"2017-10-16T13:04:15","date_gmt":"2017-10-16T13:04:15","guid":{"rendered":"https:\/\/kuldkroon.ee\/kuldkroon\/?post_type=product&#038;p=12985"},"modified":"2019-11-04T14:29:12","modified_gmt":"2019-11-04T14:29:12","slug":"torque-mansetinoobid-3","status":"publish","type":"product","link":"https:\/\/kuldkroon.ee\/en\/toode\/torque-mansetinoobid-3\/","title":{"rendered":"Torque mansetin\u00f6\u00f6bid"},"content":{"rendered":"","protected":false},"excerpt":{"rendered":"<p>Torque mansetin\u00f6\u00f6bid<\/p>\n<p>P\u00e4rlmutter<\/p>\n<p>Teras<\/p>\n<p>Kinkekarp<\/p>\n","protected":false},"featured_media":12986,"comment_status":"open","ping_status":"closed","template":"","meta":{"_acf_changed":false},"product_brand":[],"product_cat":[1115,1118],"product_tag":[],"class_list":{"0":"post-12985","1":"product","2":"type-product","3":"status-publish","4":"has-post-thumbnail","6":"product_cat-aksessuaarid","7":"product_cat-dalvey-meeste-aksessuaarid","9":"first","10":"instock","11":"sale","12":"taxable","13":"shipping-taxable","14":"purchasable","15":"product-type-simple"},"acf":[],"_links":{"self":[{"href":"https:\/\/kuldkroon.ee\/en\/wp-json\/wp\/v2\/product\/12985","targetHints":{"allow":["GET"]}}],"collection":[{"href":"https:\/\/kuldkroon.ee\/en\/wp-json\/wp\/v2\/product"}],"about":[{"href":"https:\/\/kuldkroon.ee\/en\/wp-json\/wp\/v2\/types\/product"}],"replies":[{"embeddable":true,"href":"https:\/\/kuldkroon.ee\/en\/wp-json\/wp\/v2\/comments?post=12985"}],"wp:featuredmedia":[{"embeddable":true,"href":"https:\/\/kuldkroon.ee\/en\/wp-json\/wp\/v2\/media\/12986"}],"wp:attachment":[{"href":"https:\/\/kuldkroon.ee\/en\/wp-json\/wp\/v2\/media?parent=12985"}],"wp:term":[{"taxonomy":"product_brand","embeddable":true,"href":"https:\/\/kuldkroon.ee\/en\/wp-json\/wp\/v2\/product_brand?post=12985"},{"taxonomy":"product_cat","embeddable":true,"href":"https:\/\/kuldkroon.ee\/en\/wp-json\/wp\/v2\/product_cat?post=12985"},{"taxonomy":"product_tag","embeddable":true,"href":"https:\/\/kuldkroon.ee\/en\/wp-json\/wp\/v2\/product_tag?post=12985"}],"curies":[{"name":"wp","href":"https:\/\/api.w.org\/{rel}","templated":true}]}}