{"id":12948,"date":"2017-10-13T10:32:02","date_gmt":"2017-10-13T10:32:02","guid":{"rendered":"https:\/\/kuldkroon.ee\/kuldkroon\/?post_type=product&#038;p=12948"},"modified":"2020-02-26T12:58:26","modified_gmt":"2020-02-26T12:58:26","slug":"beco-boxy","status":"publish","type":"product","link":"https:\/\/kuldkroon.ee\/en\/toode\/beco-boxy\/","title":{"rendered":"Beco Boxy"},"content":{"rendered":"<p>Beco Boxy watchwinder on h\u00e4davajalik ese hoidmaks sinu Automatic mehhanismiga kella t\u00f6\u00f6korras ja pidevas liikumises.<\/p>\n<p>Watchwinder teeb 365-3600 p\u00f6\u00f6ret p\u00e4evas, imiteerides kandja k\u00e4eliigutusi, hoides kella pidevalt laetuna ja kandmisvalmis.<\/p>\n","protected":false},"excerpt":{"rendered":"<p>Beco kellakeeraja<\/p>\n<p>Mahutab 2 k\u00e4ekella<\/p>\n<p>Materjal: Puit<\/p>\n<p>Mineraalklaas<\/p>\n<p>200x260mm<\/p>\n<p>2-aastane garantii<\/p>\n<p>Kaasas EU-adapter<\/p>\n","protected":false},"featured_media":12953,"comment_status":"open","ping_status":"closed","template":"","meta":{"_acf_changed":false},"product_brand":[],"product_cat":[1178],"product_tag":[],"class_list":{"0":"post-12948","1":"product","2":"type-product","3":"status-publish","4":"has-post-thumbnail","6":"product_cat-kellakeerajad-winder","8":"first","9":"outofstock","10":"taxable","11":"shipping-taxable","12":"purchasable","13":"product-type-simple"},"acf":[],"_links":{"self":[{"href":"https:\/\/kuldkroon.ee\/en\/wp-json\/wp\/v2\/product\/12948","targetHints":{"allow":["GET"]}}],"collection":[{"href":"https:\/\/kuldkroon.ee\/en\/wp-json\/wp\/v2\/product"}],"about":[{"href":"https:\/\/kuldkroon.ee\/en\/wp-json\/wp\/v2\/types\/product"}],"replies":[{"embeddable":true,"href":"https:\/\/kuldkroon.ee\/en\/wp-json\/wp\/v2\/comments?post=12948"}],"wp:featuredmedia":[{"embeddable":true,"href":"https:\/\/kuldkroon.ee\/en\/wp-json\/wp\/v2\/media\/12953"}],"wp:attachment":[{"href":"https:\/\/kuldkroon.ee\/en\/wp-json\/wp\/v2\/media?parent=12948"}],"wp:term":[{"taxonomy":"product_brand","embeddable":true,"href":"https:\/\/kuldkroon.ee\/en\/wp-json\/wp\/v2\/product_brand?post=12948"},{"taxonomy":"product_cat","embeddable":true,"href":"https:\/\/kuldkroon.ee\/en\/wp-json\/wp\/v2\/product_cat?post=12948"},{"taxonomy":"product_tag","embeddable":true,"href":"https:\/\/kuldkroon.ee\/en\/wp-json\/wp\/v2\/product_tag?post=12948"}],"curies":[{"name":"wp","href":"https:\/\/api.w.org\/{rel}","templated":true}]}}