{"id":12942,"date":"2017-10-13T08:27:29","date_gmt":"2017-10-13T08:27:29","guid":{"rendered":"https:\/\/kuldkroon.ee\/kuldkroon\/?post_type=product&#038;p=12942"},"modified":"2018-01-30T12:05:55","modified_gmt":"2018-01-30T12:05:55","slug":"beco-atlantic","status":"publish","type":"product","link":"https:\/\/kuldkroon.ee\/en\/toode\/beco-atlantic\/","title":{"rendered":"Beco Atlantic"},"content":{"rendered":"<p>Beco Atlantic watchwinder on h\u00e4davajalik ese hoidmaks sinu Automatic mehhanismiga kella t\u00f6\u00f6korras ja pidevas liikumises.<\/p>\n<p>Watchwinder teeb 650-3600 p\u00f6\u00f6ret p\u00e4evas, imiteerides kandja k\u00e4eliigutusi, hoides kella pidevalt laetuna ja kandmisvalmis.<\/p>\n","protected":false},"excerpt":{"rendered":"<p>Beco kellakeeraja<\/p>\n<p>Mahutab 2 k\u00e4ekella<\/p>\n<p>Materjal: Puit<\/p>\n<p>Mineraalklaas<\/p>\n<p>215x230mm<\/p>\n<p>2-aastane garantii<\/p>\n<p>Kaasas EU-adapter<\/p>\n","protected":false},"featured_media":12943,"comment_status":"open","ping_status":"closed","template":"","meta":{"_acf_changed":false},"product_brand":[],"product_cat":[1178],"product_tag":[],"class_list":{"0":"post-12942","1":"product","2":"type-product","3":"status-publish","4":"has-post-thumbnail","6":"product_cat-kellakeerajad-winder","8":"first","9":"outofstock","10":"taxable","11":"shipping-taxable","12":"purchasable","13":"product-type-simple"},"acf":[],"_links":{"self":[{"href":"https:\/\/kuldkroon.ee\/en\/wp-json\/wp\/v2\/product\/12942","targetHints":{"allow":["GET"]}}],"collection":[{"href":"https:\/\/kuldkroon.ee\/en\/wp-json\/wp\/v2\/product"}],"about":[{"href":"https:\/\/kuldkroon.ee\/en\/wp-json\/wp\/v2\/types\/product"}],"replies":[{"embeddable":true,"href":"https:\/\/kuldkroon.ee\/en\/wp-json\/wp\/v2\/comments?post=12942"}],"wp:featuredmedia":[{"embeddable":true,"href":"https:\/\/kuldkroon.ee\/en\/wp-json\/wp\/v2\/media\/12943"}],"wp:attachment":[{"href":"https:\/\/kuldkroon.ee\/en\/wp-json\/wp\/v2\/media?parent=12942"}],"wp:term":[{"taxonomy":"product_brand","embeddable":true,"href":"https:\/\/kuldkroon.ee\/en\/wp-json\/wp\/v2\/product_brand?post=12942"},{"taxonomy":"product_cat","embeddable":true,"href":"https:\/\/kuldkroon.ee\/en\/wp-json\/wp\/v2\/product_cat?post=12942"},{"taxonomy":"product_tag","embeddable":true,"href":"https:\/\/kuldkroon.ee\/en\/wp-json\/wp\/v2\/product_tag?post=12942"}],"curies":[{"name":"wp","href":"https:\/\/api.w.org\/{rel}","templated":true}]}}