{"id":12606,"date":"2017-10-05T17:51:18","date_gmt":"2017-10-05T17:51:18","guid":{"rendered":"https:\/\/kuldkroon.ee\/kuldkroon\/?post_type=product&#038;p=12606"},"modified":"2024-11-13T12:13:30","modified_gmt":"2024-11-13T12:13:30","slug":"basic-89","status":"publish","type":"product","link":"https:\/\/kuldkroon.ee\/en\/toode\/basic-89\/","title":{"rendered":"Basic"},"content":{"rendered":"<p><strong>August Gerstner abielus\u00f5rmusega kaasneb lubadus \u2013 s\u00f5rmus kogu eluks!<\/strong><\/p>\n<p>Alates hetkest, kui sa paned selle s\u00f5rmuse s\u00f5rme, on see sinuga terve \u00fclej\u00e4\u00e4nud elu. T\u00e4nu sellele, et enam kui 150 aastase ajalooga Saksamaa s\u00f5rmuste tootja valmistab k\u00f5ik sulamid ise. See tagab erakordse kvaliteedi ja keskmisest palju k\u00f5rgema vastupidavuse. Teie s\u00f5rmused valmivad kuuendat p\u00f5lve perettev\u00f5tte oma t\u00f6\u00f6kodades Saksa juveelit\u00f6\u00f6stuse ajaloolises mekas \u2013 Pforzheimis. Gerstneri kaubam\u00e4rk tagab absoluutselt suurep\u00e4rase kvaliteedi nii materjali, disaini kui ka k\u00e4sit\u00f6\u00f6 osas. Kuldkroon on uhke, et pakume k\u00f5iki neid eeliseid ka \u00f5iglase hinnaga.<br \/>\nTutvu kogu valikuga nende kodulehel <a href=\"https:\/\/gerstner-trauringe.de\/\">https:\/\/gerstner-trauringe.de\/<\/a> ning saada meile hinnap\u00e4ring <a href=\"mailto:info@kuldkroon.ee\">info@kuldkroon.ee<\/a><\/p>\n<p>K\u00f5ik August Gerstneri s\u00f5rmused on niklivabad!<\/p>","protected":false},"excerpt":{"rendered":"<p><strong>August Gerstner abielus\u00f5rmused<\/strong><\/p>\n<p>23 briljantlihvis teemantit 0,146 karaati Top Wesselton Si<br \/>\nS\u00f5rmuste laius 6,0mm<\/p>\n<p>Valge kuld, kollane ja roosakas kuld,<br \/>\np\u00e4hklipruun (Gerstneri erisulam) ja punane kuld<br \/>\nkullaproovid 375\/\/ &#8211; \u00a0585\/- v\u00f5i 750\/-<\/p>\n<p><strong>Komplekti hind kokku alates ca 2 150 eur<\/strong><\/p>\n<p>Kinkekarp Tasuta graveering<\/p>\n<p>Tarneaeg -14 p\u00e4eva<\/p>\n","protected":false},"featured_media":12607,"comment_status":"open","ping_status":"closed","template":"","meta":{"_acf_changed":false},"product_brand":[],"product_cat":[1155,1158,1176],"product_tag":[],"class_list":{"0":"post-12606","1":"product","2":"type-product","3":"status-publish","4":"has-post-thumbnail","6":"product_cat-abielusormused","7":"product_cat-august-gerstner","8":"product_cat-basic","10":"first","11":"instock","12":"taxable","13":"shipping-taxable","14":"product-type-simple"},"acf":[],"_links":{"self":[{"href":"https:\/\/kuldkroon.ee\/en\/wp-json\/wp\/v2\/product\/12606","targetHints":{"allow":["GET"]}}],"collection":[{"href":"https:\/\/kuldkroon.ee\/en\/wp-json\/wp\/v2\/product"}],"about":[{"href":"https:\/\/kuldkroon.ee\/en\/wp-json\/wp\/v2\/types\/product"}],"replies":[{"embeddable":true,"href":"https:\/\/kuldkroon.ee\/en\/wp-json\/wp\/v2\/comments?post=12606"}],"wp:featuredmedia":[{"embeddable":true,"href":"https:\/\/kuldkroon.ee\/en\/wp-json\/wp\/v2\/media\/12607"}],"wp:attachment":[{"href":"https:\/\/kuldkroon.ee\/en\/wp-json\/wp\/v2\/media?parent=12606"}],"wp:term":[{"taxonomy":"product_brand","embeddable":true,"href":"https:\/\/kuldkroon.ee\/en\/wp-json\/wp\/v2\/product_brand?post=12606"},{"taxonomy":"product_cat","embeddable":true,"href":"https:\/\/kuldkroon.ee\/en\/wp-json\/wp\/v2\/product_cat?post=12606"},{"taxonomy":"product_tag","embeddable":true,"href":"https:\/\/kuldkroon.ee\/en\/wp-json\/wp\/v2\/product_tag?post=12606"}],"curies":[{"name":"wp","href":"https:\/\/api.w.org\/{rel}","templated":true}]}}