{"id":12018,"date":"2017-09-04T11:38:55","date_gmt":"2017-09-04T11:38:55","guid":{"rendered":"https:\/\/kuldkroon.ee\/kuldkroon\/toode\/saurum-mansetinoobid-hobe-11\/"},"modified":"2021-02-22T08:37:25","modified_gmt":"2021-02-22T08:37:25","slug":"saurum-mansetinoobid-hobe-11","status":"publish","type":"product","link":"https:\/\/kuldkroon.ee\/en\/toode\/saurum-mansetinoobid-hobe-11\/","title":{"rendered":"Saurum mansetin\u00f6\u00f6bid, h\u00f5be"},"content":{"rendered":"","protected":false},"excerpt":{"rendered":"<p>Saurum mansetin\u00f6\u00f6bid<\/p>\n<p>H\u00f5be 925\/-<\/p>\n<p>19x13mm<\/p>\n<p>Kinkekarp<\/p>\n<p>&nbsp;<\/p>\n<p>Tarneaeg -5 p\u00e4eva<\/p>\n","protected":false},"featured_media":12019,"comment_status":"closed","ping_status":"closed","template":"","meta":{"_acf_changed":false},"product_brand":[],"product_cat":[1144],"product_tag":[],"class_list":{"0":"post-12018","1":"product","2":"type-product","3":"status-publish","4":"has-post-thumbnail","6":"product_cat-mansetinoobid-lipsunoelad","8":"first","9":"instock","10":"taxable","11":"shipping-taxable","12":"purchasable","13":"product-type-simple"},"acf":[],"_links":{"self":[{"href":"https:\/\/kuldkroon.ee\/en\/wp-json\/wp\/v2\/product\/12018","targetHints":{"allow":["GET"]}}],"collection":[{"href":"https:\/\/kuldkroon.ee\/en\/wp-json\/wp\/v2\/product"}],"about":[{"href":"https:\/\/kuldkroon.ee\/en\/wp-json\/wp\/v2\/types\/product"}],"replies":[{"embeddable":true,"href":"https:\/\/kuldkroon.ee\/en\/wp-json\/wp\/v2\/comments?post=12018"}],"wp:featuredmedia":[{"embeddable":true,"href":"https:\/\/kuldkroon.ee\/en\/wp-json\/wp\/v2\/media\/12019"}],"wp:attachment":[{"href":"https:\/\/kuldkroon.ee\/en\/wp-json\/wp\/v2\/media?parent=12018"}],"wp:term":[{"taxonomy":"product_brand","embeddable":true,"href":"https:\/\/kuldkroon.ee\/en\/wp-json\/wp\/v2\/product_brand?post=12018"},{"taxonomy":"product_cat","embeddable":true,"href":"https:\/\/kuldkroon.ee\/en\/wp-json\/wp\/v2\/product_cat?post=12018"},{"taxonomy":"product_tag","embeddable":true,"href":"https:\/\/kuldkroon.ee\/en\/wp-json\/wp\/v2\/product_tag?post=12018"}],"curies":[{"name":"wp","href":"https:\/\/api.w.org\/{rel}","templated":true}]}}