{"id":12012,"date":"2017-09-04T11:38:28","date_gmt":"2017-09-04T11:38:28","guid":{"rendered":"https:\/\/kuldkroon.ee\/kuldkroon\/toode\/saurum-lipsunoel-hobe-10\/"},"modified":"2024-07-30T11:48:58","modified_gmt":"2024-07-30T11:48:58","slug":"saurum-lipsunoel-hobe-10","status":"publish","type":"product","link":"https:\/\/kuldkroon.ee\/en\/toode\/saurum-lipsunoel-hobe-10\/","title":{"rendered":"Saurum lipsun\u00f5el, h\u00f5be"},"content":{"rendered":"","protected":false},"excerpt":{"rendered":"<p>Saurum lipsun\u00f5el<\/p>\n<p>H\u00f5be 925\/-<\/p>\n<p>65&#215;5,5mm<\/p>\n<p>Kinkekarp<\/p>\n<p>&nbsp;<\/p>\n<p>Tarneaeg -5 p\u00e4eva<\/p>\n","protected":false},"featured_media":12013,"comment_status":"closed","ping_status":"closed","template":"","meta":{"_acf_changed":false},"product_brand":[],"product_cat":[1144],"product_tag":[],"class_list":{"0":"post-12012","1":"product","2":"type-product","3":"status-publish","4":"has-post-thumbnail","6":"product_cat-mansetinoobid-lipsunoelad","8":"first","9":"outofstock","10":"taxable","11":"shipping-taxable","12":"purchasable","13":"product-type-simple"},"acf":[],"_links":{"self":[{"href":"https:\/\/kuldkroon.ee\/en\/wp-json\/wp\/v2\/product\/12012","targetHints":{"allow":["GET"]}}],"collection":[{"href":"https:\/\/kuldkroon.ee\/en\/wp-json\/wp\/v2\/product"}],"about":[{"href":"https:\/\/kuldkroon.ee\/en\/wp-json\/wp\/v2\/types\/product"}],"replies":[{"embeddable":true,"href":"https:\/\/kuldkroon.ee\/en\/wp-json\/wp\/v2\/comments?post=12012"}],"wp:featuredmedia":[{"embeddable":true,"href":"https:\/\/kuldkroon.ee\/en\/wp-json\/wp\/v2\/media\/12013"}],"wp:attachment":[{"href":"https:\/\/kuldkroon.ee\/en\/wp-json\/wp\/v2\/media?parent=12012"}],"wp:term":[{"taxonomy":"product_brand","embeddable":true,"href":"https:\/\/kuldkroon.ee\/en\/wp-json\/wp\/v2\/product_brand?post=12012"},{"taxonomy":"product_cat","embeddable":true,"href":"https:\/\/kuldkroon.ee\/en\/wp-json\/wp\/v2\/product_cat?post=12012"},{"taxonomy":"product_tag","embeddable":true,"href":"https:\/\/kuldkroon.ee\/en\/wp-json\/wp\/v2\/product_tag?post=12012"}],"curies":[{"name":"wp","href":"https:\/\/api.w.org\/{rel}","templated":true}]}}