{"id":11208,"date":"2017-09-04T11:10:56","date_gmt":"2017-09-04T11:10:56","guid":{"rendered":"https:\/\/kuldkroon.ee\/kuldkroon\/toode\/ondina-korvarongad-25\/"},"modified":"2017-10-12T09:01:19","modified_gmt":"2017-10-12T09:01:19","slug":"ondina-korvarongad-25","status":"publish","type":"product","link":"https:\/\/kuldkroon.ee\/en\/toode\/ondina-korvarongad-25\/","title":{"rendered":"Ondina k\u00f5rvar\u00f5ngad"},"content":{"rendered":"<p>Ondina k\u00f5rvar\u00f5ngad<\/p>\n<p>K\u00f5rvar\u00f5nga suurus 7x20mm<\/p>\n<p>P\u00e4rli\u00a0l\u00e4bim\u00f5\u00f5t 7mm<\/p>\n<p>H\u00f5be 925<\/p>\n<p>Kinkekarp<\/p>\n","protected":false},"excerpt":{"rendered":"<p>Ondina k\u00f5rvar\u00f5ngad K\u00f5rvar\u00f5nga suurus 7x20mm P\u00e4rli\u00a0l\u00e4bim\u00f5\u00f5t 7mm H\u00f5be 925 Kinkekarp<\/p>\n","protected":false},"featured_media":0,"comment_status":"closed","ping_status":"closed","template":"","meta":{"_acf_changed":false},"product_brand":[],"product_cat":[1123],"product_tag":[],"class_list":{"0":"post-11208","1":"product","2":"type-product","3":"status-publish","5":"product_cat-ondina-parlid","7":"first","8":"instock","9":"taxable","10":"shipping-taxable","11":"purchasable","12":"product-type-simple"},"acf":[],"_links":{"self":[{"href":"https:\/\/kuldkroon.ee\/en\/wp-json\/wp\/v2\/product\/11208","targetHints":{"allow":["GET"]}}],"collection":[{"href":"https:\/\/kuldkroon.ee\/en\/wp-json\/wp\/v2\/product"}],"about":[{"href":"https:\/\/kuldkroon.ee\/en\/wp-json\/wp\/v2\/types\/product"}],"replies":[{"embeddable":true,"href":"https:\/\/kuldkroon.ee\/en\/wp-json\/wp\/v2\/comments?post=11208"}],"wp:attachment":[{"href":"https:\/\/kuldkroon.ee\/en\/wp-json\/wp\/v2\/media?parent=11208"}],"wp:term":[{"taxonomy":"product_brand","embeddable":true,"href":"https:\/\/kuldkroon.ee\/en\/wp-json\/wp\/v2\/product_brand?post=11208"},{"taxonomy":"product_cat","embeddable":true,"href":"https:\/\/kuldkroon.ee\/en\/wp-json\/wp\/v2\/product_cat?post=11208"},{"taxonomy":"product_tag","embeddable":true,"href":"https:\/\/kuldkroon.ee\/en\/wp-json\/wp\/v2\/product_tag?post=11208"}],"curies":[{"name":"wp","href":"https:\/\/api.w.org\/{rel}","templated":true}]}}