{"id":11005,"date":"2017-09-04T11:04:28","date_gmt":"2017-09-04T11:04:28","guid":{"rendered":"https:\/\/kuldkroon.ee\/kuldkroon\/toode\/kullast-korvarongad-ametust\/"},"modified":"2022-06-29T11:50:27","modified_gmt":"2022-06-29T11:50:27","slug":"kullast-korvarongad-ametust","status":"publish","type":"product","link":"https:\/\/kuldkroon.ee\/en\/toode\/kullast-korvarongad-ametust\/","title":{"rendered":"Kullast k\u00f5rvar\u00f5ngad, amet\u00fcst"},"content":{"rendered":"","protected":false},"excerpt":{"rendered":"<p>Kollane kuld 585<\/p>\n<p>Amet\u00fcst<\/p>\n<p>Pikkus: 2.5cm<\/p>\n<p>Kinkekarp<\/p>\n","protected":false},"featured_media":11006,"comment_status":"closed","ping_status":"closed","template":"","meta":{"_acf_changed":false},"product_brand":[],"product_cat":[1198],"product_tag":[],"class_list":{"0":"post-11005","1":"product","2":"type-product","3":"status-publish","4":"has-post-thumbnail","6":"product_cat-raphael-kuldkorvarongad","8":"first","9":"instock","10":"taxable","11":"shipping-taxable","12":"purchasable","13":"product-type-simple"},"acf":[],"_links":{"self":[{"href":"https:\/\/kuldkroon.ee\/en\/wp-json\/wp\/v2\/product\/11005","targetHints":{"allow":["GET"]}}],"collection":[{"href":"https:\/\/kuldkroon.ee\/en\/wp-json\/wp\/v2\/product"}],"about":[{"href":"https:\/\/kuldkroon.ee\/en\/wp-json\/wp\/v2\/types\/product"}],"replies":[{"embeddable":true,"href":"https:\/\/kuldkroon.ee\/en\/wp-json\/wp\/v2\/comments?post=11005"}],"wp:featuredmedia":[{"embeddable":true,"href":"https:\/\/kuldkroon.ee\/en\/wp-json\/wp\/v2\/media\/11006"}],"wp:attachment":[{"href":"https:\/\/kuldkroon.ee\/en\/wp-json\/wp\/v2\/media?parent=11005"}],"wp:term":[{"taxonomy":"product_brand","embeddable":true,"href":"https:\/\/kuldkroon.ee\/en\/wp-json\/wp\/v2\/product_brand?post=11005"},{"taxonomy":"product_cat","embeddable":true,"href":"https:\/\/kuldkroon.ee\/en\/wp-json\/wp\/v2\/product_cat?post=11005"},{"taxonomy":"product_tag","embeddable":true,"href":"https:\/\/kuldkroon.ee\/en\/wp-json\/wp\/v2\/product_tag?post=11005"}],"curies":[{"name":"wp","href":"https:\/\/api.w.org\/{rel}","templated":true}]}}