{"id":10309,"date":"2017-09-04T10:43:30","date_gmt":"2017-09-04T10:43:30","guid":{"rendered":"https:\/\/kuldkroon.ee\/kuldkroon\/toode\/luxenter-korvarongad-hobe-tsirkoon\/"},"modified":"2019-09-30T00:00:04","modified_gmt":"2019-09-30T00:00:04","slug":"luxenter-korvarongad-hobe-tsirkoon","status":"publish","type":"product","link":"https:\/\/kuldkroon.ee\/en\/toode\/luxenter-korvarongad-hobe-tsirkoon\/","title":{"rendered":"(Eesti) Luxenter k\u00f5rvar\u00f5ngad, h\u00f5be, tsirkoon"},"content":{"rendered":"","protected":false},"excerpt":{"rendered":"<p class=\"qtranxs-available-languages-message qtranxs-available-languages-message-en\">Sorry, this entry is only available in <a href=\"https:\/\/kuldkroon.ee\/et\/wp-json\/wp\/v2\/product\/10309\" class=\"qtranxs-available-language-link qtranxs-available-language-link-et\" title=\"Eesti\">Eesti<\/a>.<\/p>\n","protected":false},"featured_media":10310,"comment_status":"closed","ping_status":"closed","template":"","meta":{"_acf_changed":false},"product_brand":[],"product_cat":[1120],"product_tag":[],"class_list":{"0":"post-10309","1":"product","2":"type-product","3":"status-publish","4":"has-post-thumbnail","6":"product_cat-luxenter","8":"first","9":"instock","10":"taxable","11":"shipping-taxable","12":"purchasable","13":"product-type-simple"},"acf":[],"_links":{"self":[{"href":"https:\/\/kuldkroon.ee\/en\/wp-json\/wp\/v2\/product\/10309","targetHints":{"allow":["GET"]}}],"collection":[{"href":"https:\/\/kuldkroon.ee\/en\/wp-json\/wp\/v2\/product"}],"about":[{"href":"https:\/\/kuldkroon.ee\/en\/wp-json\/wp\/v2\/types\/product"}],"replies":[{"embeddable":true,"href":"https:\/\/kuldkroon.ee\/en\/wp-json\/wp\/v2\/comments?post=10309"}],"wp:featuredmedia":[{"embeddable":true,"href":"https:\/\/kuldkroon.ee\/en\/wp-json\/wp\/v2\/media\/10310"}],"wp:attachment":[{"href":"https:\/\/kuldkroon.ee\/en\/wp-json\/wp\/v2\/media?parent=10309"}],"wp:term":[{"taxonomy":"product_brand","embeddable":true,"href":"https:\/\/kuldkroon.ee\/en\/wp-json\/wp\/v2\/product_brand?post=10309"},{"taxonomy":"product_cat","embeddable":true,"href":"https:\/\/kuldkroon.ee\/en\/wp-json\/wp\/v2\/product_cat?post=10309"},{"taxonomy":"product_tag","embeddable":true,"href":"https:\/\/kuldkroon.ee\/en\/wp-json\/wp\/v2\/product_tag?post=10309"}],"curies":[{"name":"wp","href":"https:\/\/api.w.org\/{rel}","templated":true}]}}