{"id":10238,"date":"2017-09-04T10:41:40","date_gmt":"2017-09-04T10:41:40","guid":{"rendered":"https:\/\/kuldkroon.ee\/kuldkroon\/toode\/dalvey-snap-mansetinoobid-graveerimise-voimalus\/"},"modified":"2018-10-31T12:28:56","modified_gmt":"2018-10-31T12:28:56","slug":"dalvey-snap-mansetinoobid-graveerimise-voimalus","status":"publish","type":"product","link":"https:\/\/kuldkroon.ee\/en\/toode\/dalvey-snap-mansetinoobid-graveerimise-voimalus\/","title":{"rendered":"D"},"content":{"rendered":"","protected":false},"excerpt":{"rendered":"<p>Mansetin\u00f6\u00f6pidele on v\u00f5imalik ka graveerida.<\/p>\n<p>Terasest<\/p>\n<p>Kinkekarp<\/p>\n","protected":false},"featured_media":10239,"comment_status":"closed","ping_status":"closed","template":"","meta":{"_acf_changed":false},"product_brand":[],"product_cat":[1115,1118],"product_tag":[],"class_list":{"0":"post-10238","1":"product","2":"type-product","3":"status-publish","4":"has-post-thumbnail","6":"product_cat-aksessuaarid","7":"product_cat-dalvey-meeste-aksessuaarid","9":"first","10":"instock","11":"sale","12":"taxable","13":"shipping-taxable","14":"purchasable","15":"product-type-simple"},"acf":[],"_links":{"self":[{"href":"https:\/\/kuldkroon.ee\/en\/wp-json\/wp\/v2\/product\/10238","targetHints":{"allow":["GET"]}}],"collection":[{"href":"https:\/\/kuldkroon.ee\/en\/wp-json\/wp\/v2\/product"}],"about":[{"href":"https:\/\/kuldkroon.ee\/en\/wp-json\/wp\/v2\/types\/product"}],"replies":[{"embeddable":true,"href":"https:\/\/kuldkroon.ee\/en\/wp-json\/wp\/v2\/comments?post=10238"}],"wp:featuredmedia":[{"embeddable":true,"href":"https:\/\/kuldkroon.ee\/en\/wp-json\/wp\/v2\/media\/10239"}],"wp:attachment":[{"href":"https:\/\/kuldkroon.ee\/en\/wp-json\/wp\/v2\/media?parent=10238"}],"wp:term":[{"taxonomy":"product_brand","embeddable":true,"href":"https:\/\/kuldkroon.ee\/en\/wp-json\/wp\/v2\/product_brand?post=10238"},{"taxonomy":"product_cat","embeddable":true,"href":"https:\/\/kuldkroon.ee\/en\/wp-json\/wp\/v2\/product_cat?post=10238"},{"taxonomy":"product_tag","embeddable":true,"href":"https:\/\/kuldkroon.ee\/en\/wp-json\/wp\/v2\/product_tag?post=10238"}],"curies":[{"name":"wp","href":"https:\/\/api.w.org\/{rel}","templated":true}]}}