{"id":4592,"date":"2017-07-20T10:28:30","date_gmt":"2017-07-20T10:28:30","guid":{"rendered":"https:\/\/northernmedia.eu\/kuldkroon\/?page_id=4592"},"modified":"2022-05-24T08:27:17","modified_gmt":"2022-05-24T08:27:17","slug":"jarelmaks","status":"publish","type":"page","link":"https:\/\/kuldkroon.ee\/en\/jarelmaks\/","title":{"rendered":"J\u00e4relmaks"},"content":{"rendered":"<div class=\"wpb-content-wrapper\"><p>[vc_row][vc_column][vc_column_text]<\/p>\n<h1>J\u00e4relmaks<\/h1>\n<p><strong>J\u00e4relmaksuga tasumiseks lisage toode ostukorvi ning valige maksemeetodiks Liisi j\u00e4relmaks.<\/strong><\/p>\n<p>J\u00e4relmaks aitab teid vajaliku kauba soetamisel. J\u00e4relmaksu v\u00f5ivad taotleda k\u00f5ik v\u00e4hemalt 18-aastased Eesti Vabariigi kodanikud v\u00f5i Eestis alalist elamisluba omavad inimesed. J\u00e4relmaksu saamiseks tuleb p\u00f6\u00f6rduda meie\u00a0poole v\u00f5i\u00a0saata laenutaotlus otse kodulehelt.<\/p>\n<p>* laenulepingu \u00fcldtingimustega saate tutvuda\u00a0<a href=\"http:\/\/liisi.ee\/index.php?3,996,16,1\" target=\"_blank\" rel=\"noopener\">siit<\/a><\/p>\n<p>* hinnakirjaga saate tutvuda\u00a0<a href=\"http:\/\/liisi.ee\/index.php?3,997,16,1\" target=\"_blank\" rel=\"noopener\">siit<\/a><\/p>\n<p>* kui peaksime k\u00fcsima konto v\u00e4ljav\u00f5tet, leiad selle v\u00f5tmise juhendi\u00a0<a href=\"http:\/\/www.liisi.ee\/index.php?3,994,16,1\" target=\"_blank\" rel=\"noopener\">siit<\/a><\/p>\n<p>K\u00fcsi oma isiklikku limiidipakkumist siit:<\/p>\n<p><iframe loading=\"lazy\" src=\"https:\/\/klient.liisi.ee\/leasing_limit?template=blue&amp;source=Kuldkroon\" width=\"350\" height=\"470\" frameborder=\"0\"><\/iframe><\/p>\n<p>Teenusepakkujaks on Holm Bank AS. Krediidi kulukuse m\u00e4\u00e4r on 32,96% aastas j\u00e4rgmistel n\u00e4idistingimustel: j\u00e4relmaksu summa 450 \u20ac, lepingu periood\u00a012 kuud.<\/p>\n<p>NB! Iga laen on finantskohustus. Kaalu oma otsust hoolikalt &#8211;\u00a0tutvu laenulepingu tingimustega ning vajadusel pea n\u00f5u asjatundjatega.<\/p>\n<p>L\u00f5plik kuumakse s\u00f5ltub kliendi krediidiv\u00f5imekusest ja v\u00f5ib erineda laenukalkulaatorist. T\u00e4pse laenupakkumise saamiseks p\u00f6\u00f6rdu kaupmehe poole:<a href=\"mailto:info@kuldkroon.ee\" target=\"_blank\" rel=\"noopener\">info@kuldkroon.ee<\/a>[\/vc_column_text][\/vc_column][\/vc_row]<\/p>\n<\/div>","protected":false},"excerpt":{"rendered":"<p>[vc_row][vc_column][vc_column_text] J\u00e4relmaks J\u00e4relmaksuga tasumiseks lisage toode ostukorvi ning valige maksemeetodiks Liisi j\u00e4relmaks. J\u00e4relmaks aitab teid vajaliku kauba soetamisel. J\u00e4relmaksu v\u00f5ivad taotleda k\u00f5ik v\u00e4hemalt 18-aastased Eesti Vabariigi kodanikud v\u00f5i Eestis alalist elamisluba omavad inimesed. J\u00e4relmaksu saamiseks tuleb p\u00f6\u00f6rduda meie\u00a0poole v\u00f5i\u00a0saata laenutaotlus otse kodulehelt. * laenulepingu \u00fcldtingimustega saate tutvuda\u00a0siit * hinnakirjaga saate tutvuda\u00a0siit * kui peaksime k\u00fcsima [&hellip;]<\/p>\n","protected":false},"author":1,"featured_media":0,"parent":0,"menu_order":0,"comment_status":"closed","ping_status":"closed","template":"page-left-sidebar.php","meta":{"_acf_changed":false,"footnotes":""},"class_list":["post-4592","page","type-page","status-publish","hentry"],"acf":[],"_links":{"self":[{"href":"https:\/\/kuldkroon.ee\/en\/wp-json\/wp\/v2\/pages\/4592","targetHints":{"allow":["GET"]}}],"collection":[{"href":"https:\/\/kuldkroon.ee\/en\/wp-json\/wp\/v2\/pages"}],"about":[{"href":"https:\/\/kuldkroon.ee\/en\/wp-json\/wp\/v2\/types\/page"}],"author":[{"embeddable":true,"href":"https:\/\/kuldkroon.ee\/en\/wp-json\/wp\/v2\/users\/1"}],"replies":[{"embeddable":true,"href":"https:\/\/kuldkroon.ee\/en\/wp-json\/wp\/v2\/comments?post=4592"}],"version-history":[{"count":3,"href":"https:\/\/kuldkroon.ee\/en\/wp-json\/wp\/v2\/pages\/4592\/revisions"}],"predecessor-version":[{"id":23164,"href":"https:\/\/kuldkroon.ee\/en\/wp-json\/wp\/v2\/pages\/4592\/revisions\/23164"}],"wp:attachment":[{"href":"https:\/\/kuldkroon.ee\/en\/wp-json\/wp\/v2\/media?parent=4592"}],"curies":[{"name":"wp","href":"https:\/\/api.w.org\/{rel}","templated":true}]}}